{"id":173951,"date":"2022-05-12T16:00:18","date_gmt":"2022-05-12T21:00:18","guid":{"rendered":"https:\/\/website.dev.stmtires.com\/shop\/sin categor\u00eda\/12-00r20-d2a-2-tt-vsms-l-5s\/"},"modified":"2022-05-12T16:00:18","modified_gmt":"2022-05-12T21:00:18","slug":"12-00r20-d2a-2-tt-vsms-l-5s-2","status":"publish","type":"product","link":"https:\/\/stmtires.com\/es\/shop\/bridgestone-es\/12-00r20-d2a-2-tt-vsms-l-5s-2\/","title":{"rendered":"12.00R20 (D2A) 2* TT VSMS L-5S"},"content":{"rendered":"<p>Cargador OTR radial \/ Topadora L-5S Neum\u00e1tico de banda de rodadura suave extraprofunda ideal para operaciones de miner\u00eda subterr\u00e1nea, vertedero, salvamento y manejo de materiales.<\/p>\n","protected":false},"excerpt":{"rendered":"<p>Cargador OTR radial \/ Topadora L-5S Neum\u00e1tico de banda de rodadura suave extraprofunda ideal para operaciones de miner\u00eda subterr\u00e1nea, vertedero, salvamento y manejo de materiales.<\/p>\n","protected":false},"featured_media":0,"comment_status":"open","ping_status":"closed","template":"","meta":{"_acf_changed":false,"subheading":[]},"product_model":[22896],"product_brand":[],"product_cat":[19304,19313,19289,19298,19253],"product_tag":[],"class_list":{"0":"post-173951","1":"product","2":"type-product","3":"status-publish","5":"product_model-vsms-v-steel-smooth-tread-ms-es","6":"product_cat-banda-de-rodadura-profunda","7":"product_cat-mineria","8":"product_cat-radial-es","9":"product_cat-suave","10":"product_cat-uncategorized","11":"pa_tire-size-12r20-es","13":"first","14":"instock","15":"shipping-taxable","16":"purchasable","17":"product-type-simple"},"acf":[],"_links":{"self":[{"href":"https:\/\/stmtires.com\/es\/wp-json\/wp\/v2\/product\/173951","targetHints":{"allow":["GET"]}}],"collection":[{"href":"https:\/\/stmtires.com\/es\/wp-json\/wp\/v2\/product"}],"about":[{"href":"https:\/\/stmtires.com\/es\/wp-json\/wp\/v2\/types\/product"}],"replies":[{"embeddable":true,"href":"https:\/\/stmtires.com\/es\/wp-json\/wp\/v2\/comments?post=173951"}],"wp:attachment":[{"href":"https:\/\/stmtires.com\/es\/wp-json\/wp\/v2\/media?parent=173951"}],"wp:term":[{"taxonomy":"product_model","embeddable":true,"href":"https:\/\/stmtires.com\/es\/wp-json\/wp\/v2\/product_model?post=173951"},{"taxonomy":"product_brand","embeddable":true,"href":"https:\/\/stmtires.com\/es\/wp-json\/wp\/v2\/product_brand?post=173951"},{"taxonomy":"product_cat","embeddable":true,"href":"https:\/\/stmtires.com\/es\/wp-json\/wp\/v2\/product_cat?post=173951"},{"taxonomy":"product_tag","embeddable":true,"href":"https:\/\/stmtires.com\/es\/wp-json\/wp\/v2\/product_tag?post=173951"}],"curies":[{"name":"wp","href":"https:\/\/api.w.org\/{rel}","templated":true}]}}