{"id":174222,"date":"2022-05-12T10:15:37","date_gmt":"2022-05-12T15:15:37","guid":{"rendered":"https:\/\/website.dev.stmtires.com\/shop\/sin categor\u00eda\/p225-70r15-firehawk-pv41\/"},"modified":"2022-05-12T10:15:37","modified_gmt":"2022-05-12T15:15:37","slug":"p225-70r15-firehawk-pv41-2","status":"publish","type":"product","link":"https:\/\/stmtires.com\/es\/shop\/tires\/p225-70r15-firehawk-pv41-2\/","title":{"rendered":"P225\/70R15 FIREHAWK PV41"},"content":{"rendered":"<p>Neum\u00e1tico especial para autom\u00f3viles de pasajeros de alto rendimiento para todas las estaciones. Especialmente dise\u00f1ado para la aplicaci\u00f3n de la ley y el uso de emergencia de alta velocidad. Construido para la durabilidad, este neum\u00e1tico ha pasado las exigentes pruebas de desgaste de alta velocidad del Departamento del Sheriff del Condado de Los \u00c1ngeles y la Patrulla de Carreteras de California.<\/p>\n","protected":false},"excerpt":{"rendered":"<p>Neum\u00e1tico especial para autom\u00f3viles de pasajeros de alto rendimiento para todas las estaciones. Especialmente dise\u00f1ado para la aplicaci\u00f3n de la ley y el uso de emergencia de alta velocidad. Construido para la durabilidad, este neum\u00e1tico ha pasado las exigentes pruebas de desgaste de alta velocidad del Departamento del Sheriff del Condado de Los \u00c1ngeles y [&hellip;]<\/p>\n","protected":false},"featured_media":0,"comment_status":"open","ping_status":"closed","template":"","meta":{"_acf_changed":false,"subheading":[]},"product_model":[25439],"product_brand":[],"product_cat":[19253],"product_tag":[],"class_list":{"0":"post-174222","1":"product","2":"type-product","3":"status-publish","5":"product_model-firehawk-pv41-es","6":"product_cat-uncategorized","8":"first","9":"instock","10":"shipping-taxable","11":"purchasable","12":"product-type-simple"},"acf":[],"_links":{"self":[{"href":"https:\/\/stmtires.com\/es\/wp-json\/wp\/v2\/product\/174222","targetHints":{"allow":["GET"]}}],"collection":[{"href":"https:\/\/stmtires.com\/es\/wp-json\/wp\/v2\/product"}],"about":[{"href":"https:\/\/stmtires.com\/es\/wp-json\/wp\/v2\/types\/product"}],"replies":[{"embeddable":true,"href":"https:\/\/stmtires.com\/es\/wp-json\/wp\/v2\/comments?post=174222"}],"wp:attachment":[{"href":"https:\/\/stmtires.com\/es\/wp-json\/wp\/v2\/media?parent=174222"}],"wp:term":[{"taxonomy":"product_model","embeddable":true,"href":"https:\/\/stmtires.com\/es\/wp-json\/wp\/v2\/product_model?post=174222"},{"taxonomy":"product_brand","embeddable":true,"href":"https:\/\/stmtires.com\/es\/wp-json\/wp\/v2\/product_brand?post=174222"},{"taxonomy":"product_cat","embeddable":true,"href":"https:\/\/stmtires.com\/es\/wp-json\/wp\/v2\/product_cat?post=174222"},{"taxonomy":"product_tag","embeddable":true,"href":"https:\/\/stmtires.com\/es\/wp-json\/wp\/v2\/product_tag?post=174222"}],"curies":[{"name":"wp","href":"https:\/\/api.w.org\/{rel}","templated":true}]}}