{"id":174444,"date":"2022-05-12T15:36:50","date_gmt":"2022-05-12T20:36:50","guid":{"rendered":"https:\/\/website.dev.stmtires.com\/shop\/sin categor\u00eda\/12-00r24-j-l355\/"},"modified":"2022-05-12T15:36:50","modified_gmt":"2022-05-12T20:36:50","slug":"12-00r24-j-l355-2","status":"publish","type":"product","link":"https:\/\/stmtires.com\/es\/shop\/bridgestone-es\/12-00r24-j-l355-2\/","title":{"rendered":"12.00R24 J L355"},"content":{"rendered":"<p>Cami\u00f3n\/Autob\u00fas Comercial. Neum\u00e1tico de asa de posici\u00f3n de transmisi\u00f3n extra profunda de la banda de rodadura de cami\u00f3n de servicio mediano adecuado para veh\u00edculos on \/ off-road, como camiones de volteo.<\/p>\n","protected":false},"excerpt":{"rendered":"<p>Cami\u00f3n\/Autob\u00fas Comercial. Neum\u00e1tico de asa de posici\u00f3n de transmisi\u00f3n extra profunda de la banda de rodadura de cami\u00f3n de servicio mediano adecuado para veh\u00edculos on \/ off-road, como camiones de volteo.<\/p>\n","protected":false},"featured_media":222270,"comment_status":"open","ping_status":"closed","template":"","meta":{"_acf_changed":false,"subheading":[]},"product_model":[25884],"product_brand":[],"product_cat":[19304,19286,19288,16316,19306,19253],"product_tag":[],"class_list":{"0":"post-174444","1":"product","2":"type-product","3":"status-publish","4":"has-post-thumbnail","6":"product_model-l355-es","7":"product_cat-banda-de-rodadura-profunda","8":"product_cat-camion-autobus-comercial","9":"product_cat-conducir","10":"product_cat-deep-tread","11":"product_cat-orejeta","12":"product_cat-uncategorized","13":"pa_tire-size-12r24-es","15":"first","16":"instock","17":"shipping-taxable","18":"purchasable","19":"product-type-simple"},"acf":[],"_links":{"self":[{"href":"https:\/\/stmtires.com\/es\/wp-json\/wp\/v2\/product\/174444","targetHints":{"allow":["GET"]}}],"collection":[{"href":"https:\/\/stmtires.com\/es\/wp-json\/wp\/v2\/product"}],"about":[{"href":"https:\/\/stmtires.com\/es\/wp-json\/wp\/v2\/types\/product"}],"replies":[{"embeddable":true,"href":"https:\/\/stmtires.com\/es\/wp-json\/wp\/v2\/comments?post=174444"}],"wp:featuredmedia":[{"embeddable":true,"href":"https:\/\/stmtires.com\/es\/wp-json\/wp\/v2\/media\/222270"}],"wp:attachment":[{"href":"https:\/\/stmtires.com\/es\/wp-json\/wp\/v2\/media?parent=174444"}],"wp:term":[{"taxonomy":"product_model","embeddable":true,"href":"https:\/\/stmtires.com\/es\/wp-json\/wp\/v2\/product_model?post=174444"},{"taxonomy":"product_brand","embeddable":true,"href":"https:\/\/stmtires.com\/es\/wp-json\/wp\/v2\/product_brand?post=174444"},{"taxonomy":"product_cat","embeddable":true,"href":"https:\/\/stmtires.com\/es\/wp-json\/wp\/v2\/product_cat?post=174444"},{"taxonomy":"product_tag","embeddable":true,"href":"https:\/\/stmtires.com\/es\/wp-json\/wp\/v2\/product_tag?post=174444"}],"curies":[{"name":"wp","href":"https:\/\/api.w.org\/{rel}","templated":true}]}}