{"id":174454,"date":"2022-05-12T10:38:36","date_gmt":"2022-05-12T15:38:36","guid":{"rendered":"https:\/\/website.dev.stmtires.com\/shop\/sin categor\u00eda\/12-00r24-j-xdl\/"},"modified":"2022-05-12T10:38:36","modified_gmt":"2022-05-12T15:38:36","slug":"12-00r24-j-xdl-2","status":"publish","type":"product","link":"https:\/\/stmtires.com\/es\/shop\/michelin-es\/12-00r24-j-xdl-2\/","title":{"rendered":"12.00R24 J XDL"},"content":{"rendered":"<p>Cami\u00f3n\/Autob\u00fas Comercial. Neum\u00e1tico de accionamiento de alta capacidad para camiones de servicio mediano dise\u00f1ado para aplicaciones principalmente todoterreno, como la tala y la miner\u00eda.<\/p>\n","protected":false},"excerpt":{"rendered":"<p>Cami\u00f3n\/Autob\u00fas Comercial. Neum\u00e1tico de accionamiento de alta capacidad para camiones de servicio mediano dise\u00f1ado para aplicaciones principalmente todoterreno, como la tala y la miner\u00eda.<\/p>\n","protected":false},"featured_media":225510,"comment_status":"open","ping_status":"closed","template":"","meta":{"_acf_changed":false,"subheading":[]},"product_model":[25318],"product_brand":[15734],"product_cat":[19288,19253],"product_tag":[],"class_list":{"0":"post-174454","1":"product","2":"type-product","3":"status-publish","4":"has-post-thumbnail","6":"product_model-xdl-es","7":"product_brand-michelin-es","8":"product_cat-conducir","9":"product_cat-uncategorized","10":"pa_tire-size-12r24-es","12":"first","13":"instock","14":"shipping-taxable","15":"purchasable","16":"product-type-simple"},"acf":[],"_links":{"self":[{"href":"https:\/\/stmtires.com\/es\/wp-json\/wp\/v2\/product\/174454","targetHints":{"allow":["GET"]}}],"collection":[{"href":"https:\/\/stmtires.com\/es\/wp-json\/wp\/v2\/product"}],"about":[{"href":"https:\/\/stmtires.com\/es\/wp-json\/wp\/v2\/types\/product"}],"replies":[{"embeddable":true,"href":"https:\/\/stmtires.com\/es\/wp-json\/wp\/v2\/comments?post=174454"}],"wp:featuredmedia":[{"embeddable":true,"href":"https:\/\/stmtires.com\/es\/wp-json\/wp\/v2\/media\/225510"}],"wp:attachment":[{"href":"https:\/\/stmtires.com\/es\/wp-json\/wp\/v2\/media?parent=174454"}],"wp:term":[{"taxonomy":"product_model","embeddable":true,"href":"https:\/\/stmtires.com\/es\/wp-json\/wp\/v2\/product_model?post=174454"},{"taxonomy":"product_brand","embeddable":true,"href":"https:\/\/stmtires.com\/es\/wp-json\/wp\/v2\/product_brand?post=174454"},{"taxonomy":"product_cat","embeddable":true,"href":"https:\/\/stmtires.com\/es\/wp-json\/wp\/v2\/product_cat?post=174454"},{"taxonomy":"product_tag","embeddable":true,"href":"https:\/\/stmtires.com\/es\/wp-json\/wp\/v2\/product_tag?post=174454"}],"curies":[{"name":"wp","href":"https:\/\/api.w.org\/{rel}","templated":true}]}}