{"id":174475,"date":"2022-05-12T16:04:01","date_gmt":"2022-05-12T21:04:01","guid":{"rendered":"https:\/\/website.dev.stmtires.com\/shop\/sin categor\u00eda\/12-00r24-nhs-j-doble-moneda-rlb800\/"},"modified":"2022-05-12T16:04:01","modified_gmt":"2022-05-12T21:04:01","slug":"12-00r24-nhs-j-double-coin-rlb800-2","status":"publish","type":"product","link":"https:\/\/stmtires.com\/es\/shop\/double-coin\/12-00r24-nhs-j-double-coin-rlb800-2\/","title":{"rendered":"12.00R24 NHS J DOBLE MONEDA RLB800"},"content":{"rendered":"<p>Cami\u00f3n\/Autob\u00fas Comercial. Cami\u00f3n de servicio mediano Banda de rodadura profunda dentro \/ fuera de la carretera Neum\u00e1tico de posici\u00f3n de conducci\u00f3n de servicio severo.<\/p>\n","protected":false},"excerpt":{"rendered":"<p>Cami\u00f3n\/Autob\u00fas Comercial. Cami\u00f3n de servicio mediano Banda de rodadura profunda dentro \/ fuera de la carretera Neum\u00e1tico de posici\u00f3n de conducci\u00f3n de servicio severo.<\/p>\n","protected":false},"featured_media":0,"comment_status":"open","ping_status":"closed","template":"","meta":{"_acf_changed":false,"subheading":[]},"product_model":[22857],"product_brand":[103],"product_cat":[19304,19286,19288,19287,19301,19253],"product_tag":[],"class_list":{"0":"post-174475","1":"product","2":"type-product","3":"status-publish","5":"product_model-double-coin-rlb800-es-2","6":"product_brand-double-coin","7":"product_cat-banda-de-rodadura-profunda","8":"product_cat-camion-autobus-comercial","9":"product_cat-conducir","10":"product_cat-servicio-de-autopistas","11":"product_cat-servicio-on-off-highway","12":"product_cat-uncategorized","13":"pa_tire-size-12r24-es","15":"first","16":"instock","17":"shipping-taxable","18":"purchasable","19":"product-type-simple"},"acf":[],"_links":{"self":[{"href":"https:\/\/stmtires.com\/es\/wp-json\/wp\/v2\/product\/174475","targetHints":{"allow":["GET"]}}],"collection":[{"href":"https:\/\/stmtires.com\/es\/wp-json\/wp\/v2\/product"}],"about":[{"href":"https:\/\/stmtires.com\/es\/wp-json\/wp\/v2\/types\/product"}],"replies":[{"embeddable":true,"href":"https:\/\/stmtires.com\/es\/wp-json\/wp\/v2\/comments?post=174475"}],"wp:attachment":[{"href":"https:\/\/stmtires.com\/es\/wp-json\/wp\/v2\/media?parent=174475"}],"wp:term":[{"taxonomy":"product_model","embeddable":true,"href":"https:\/\/stmtires.com\/es\/wp-json\/wp\/v2\/product_model?post=174475"},{"taxonomy":"product_brand","embeddable":true,"href":"https:\/\/stmtires.com\/es\/wp-json\/wp\/v2\/product_brand?post=174475"},{"taxonomy":"product_cat","embeddable":true,"href":"https:\/\/stmtires.com\/es\/wp-json\/wp\/v2\/product_cat?post=174475"},{"taxonomy":"product_tag","embeddable":true,"href":"https:\/\/stmtires.com\/es\/wp-json\/wp\/v2\/product_tag?post=174475"}],"curies":[{"name":"wp","href":"https:\/\/api.w.org\/{rel}","templated":true}]}}