{"id":174478,"date":"2022-05-12T15:52:15","date_gmt":"2022-05-12T20:52:15","guid":{"rendered":"https:\/\/website.dev.stmtires.com\/shop\/sin categor\u00eda\/12-00r24-nhs-j-l317\/"},"modified":"2022-05-12T15:52:15","modified_gmt":"2022-05-12T20:52:15","slug":"12-00r24-nhs-j-l317-2","status":"publish","type":"product","link":"https:\/\/stmtires.com\/es\/shop\/bridgestone-es\/12-00r24-nhs-j-l317-2\/","title":{"rendered":"12.00R24 NHS J L317"},"content":{"rendered":"<p>Cami\u00f3n\/Autob\u00fas Comercial. Cami\u00f3n de servicio mediano Eje de transmisi\u00f3n todoterreno Neum\u00e1tico radial recomendado para posiciones de conducci\u00f3n.<\/p>\n","protected":false},"excerpt":{"rendered":"<p>Cami\u00f3n\/Autob\u00fas Comercial. Cami\u00f3n de servicio mediano Eje de transmisi\u00f3n todoterreno Neum\u00e1tico radial recomendado para posiciones de conducci\u00f3n.<\/p>\n","protected":false},"featured_media":0,"comment_status":"open","ping_status":"closed","template":"","meta":{"_acf_changed":false,"subheading":[]},"product_model":[22956],"product_brand":[],"product_cat":[19286,19288,19289,19287,19253],"product_tag":[],"class_list":{"0":"post-174478","1":"product","2":"type-product","3":"status-publish","5":"product_model-l317-es","6":"product_cat-camion-autobus-comercial","7":"product_cat-conducir","8":"product_cat-radial-es","9":"product_cat-servicio-de-autopistas","10":"product_cat-uncategorized","11":"pa_tire-size-12r24-es","13":"first","14":"instock","15":"shipping-taxable","16":"purchasable","17":"product-type-simple"},"acf":[],"_links":{"self":[{"href":"https:\/\/stmtires.com\/es\/wp-json\/wp\/v2\/product\/174478","targetHints":{"allow":["GET"]}}],"collection":[{"href":"https:\/\/stmtires.com\/es\/wp-json\/wp\/v2\/product"}],"about":[{"href":"https:\/\/stmtires.com\/es\/wp-json\/wp\/v2\/types\/product"}],"replies":[{"embeddable":true,"href":"https:\/\/stmtires.com\/es\/wp-json\/wp\/v2\/comments?post=174478"}],"wp:attachment":[{"href":"https:\/\/stmtires.com\/es\/wp-json\/wp\/v2\/media?parent=174478"}],"wp:term":[{"taxonomy":"product_model","embeddable":true,"href":"https:\/\/stmtires.com\/es\/wp-json\/wp\/v2\/product_model?post=174478"},{"taxonomy":"product_brand","embeddable":true,"href":"https:\/\/stmtires.com\/es\/wp-json\/wp\/v2\/product_brand?post=174478"},{"taxonomy":"product_cat","embeddable":true,"href":"https:\/\/stmtires.com\/es\/wp-json\/wp\/v2\/product_cat?post=174478"},{"taxonomy":"product_tag","embeddable":true,"href":"https:\/\/stmtires.com\/es\/wp-json\/wp\/v2\/product_tag?post=174478"}],"curies":[{"name":"wp","href":"https:\/\/api.w.org\/{rel}","templated":true}]}}