{"id":174533,"date":"2022-05-12T11:27:51","date_gmt":"2022-05-12T16:27:51","guid":{"rendered":"https:\/\/website.dev.stmtires.com\/shop\/sin categor\u00eda\/campo-de-traccion-12-4-24-f-tl-y-carretera-r-1\/"},"modified":"2022-05-12T11:27:51","modified_gmt":"2022-05-12T16:27:51","slug":"12-4-24-f-tl-traction-field-and-road-r-1-2","status":"publish","type":"product","link":"https:\/\/stmtires.com\/es\/shop\/firestone-es\/12-4-24-f-tl-traction-field-and-road-r-1-2\/","title":{"rendered":"CAMPO DE TRACCI\u00d3N 12.4-24 F TL Y CARRETERA R-1"},"content":{"rendered":"<p>Neum\u00e1tico Agricultural Bias R-1 Rear Tractor Drive para trabajos agr\u00edcolas generales.<\/p>\n","protected":false},"excerpt":{"rendered":"<p>Neum\u00e1tico Agricultural Bias R-1 Rear Tractor Drive para trabajos agr\u00edcolas generales.<\/p>\n","protected":false},"featured_media":0,"comment_status":"open","ping_status":"closed","template":"","meta":{"_acf_changed":false,"subheading":[]},"product_model":[22471],"product_brand":[15736],"product_cat":[26128,19288,26135,19355,26129,19253],"product_tag":[],"class_list":{"0":"post-174533","1":"product","2":"type-product","3":"status-publish","5":"product_model-traction-field-and-road-r-1-es-2","6":"product_brand-firestone-es","7":"product_cat-agricola","8":"product_cat-conducir","9":"product_cat-granja","10":"product_cat-predisposicion","11":"product_cat-tractor-es","12":"product_cat-uncategorized","13":"pa_tire-size-12-4r24-es","15":"first","16":"instock","17":"shipping-taxable","18":"purchasable","19":"product-type-simple"},"acf":[],"_links":{"self":[{"href":"https:\/\/stmtires.com\/es\/wp-json\/wp\/v2\/product\/174533","targetHints":{"allow":["GET"]}}],"collection":[{"href":"https:\/\/stmtires.com\/es\/wp-json\/wp\/v2\/product"}],"about":[{"href":"https:\/\/stmtires.com\/es\/wp-json\/wp\/v2\/types\/product"}],"replies":[{"embeddable":true,"href":"https:\/\/stmtires.com\/es\/wp-json\/wp\/v2\/comments?post=174533"}],"wp:attachment":[{"href":"https:\/\/stmtires.com\/es\/wp-json\/wp\/v2\/media?parent=174533"}],"wp:term":[{"taxonomy":"product_model","embeddable":true,"href":"https:\/\/stmtires.com\/es\/wp-json\/wp\/v2\/product_model?post=174533"},{"taxonomy":"product_brand","embeddable":true,"href":"https:\/\/stmtires.com\/es\/wp-json\/wp\/v2\/product_brand?post=174533"},{"taxonomy":"product_cat","embeddable":true,"href":"https:\/\/stmtires.com\/es\/wp-json\/wp\/v2\/product_cat?post=174533"},{"taxonomy":"product_tag","embeddable":true,"href":"https:\/\/stmtires.com\/es\/wp-json\/wp\/v2\/product_tag?post=174533"}],"curies":[{"name":"wp","href":"https:\/\/api.w.org\/{rel}","templated":true}]}}