{"id":174588,"date":"2022-05-12T11:30:16","date_gmt":"2022-05-12T16:30:16","guid":{"rendered":"https:\/\/website.dev.stmtires.com\/shop\/sin categor\u00eda\/12-4r24-2-tl-agribib\/"},"modified":"2022-05-12T11:30:16","modified_gmt":"2022-05-12T16:30:16","slug":"12-4r24-2-tl-agribib-2","status":"publish","type":"product","link":"https:\/\/stmtires.com\/es\/shop\/michelin-es\/12-4r24-2-tl-agribib-2\/","title":{"rendered":"12.4R24 2* TL AGRIBIB"},"content":{"rendered":"<p>Perfil est\u00e1ndar agr\u00edcola R-1W Deep Lug Radial Tractor Drive neum\u00e1tico para servicio integral.<\/p>\n","protected":false},"excerpt":{"rendered":"<p>Perfil est\u00e1ndar agr\u00edcola R-1W Deep Lug Radial Tractor Drive neum\u00e1tico para servicio integral.<\/p>\n","protected":false},"featured_media":0,"comment_status":"open","ping_status":"closed","template":"","meta":{"_acf_changed":false,"subheading":[]},"product_model":[22407],"product_brand":[15734],"product_cat":[19253],"product_tag":[],"class_list":{"0":"post-174588","1":"product","2":"type-product","3":"status-publish","5":"product_model-agribib-es-2","6":"product_brand-michelin-es","7":"product_cat-uncategorized","8":"pa_tire-size-12-4r24-es","10":"first","11":"instock","12":"shipping-taxable","13":"purchasable","14":"product-type-simple"},"acf":[],"_links":{"self":[{"href":"https:\/\/stmtires.com\/es\/wp-json\/wp\/v2\/product\/174588","targetHints":{"allow":["GET"]}}],"collection":[{"href":"https:\/\/stmtires.com\/es\/wp-json\/wp\/v2\/product"}],"about":[{"href":"https:\/\/stmtires.com\/es\/wp-json\/wp\/v2\/types\/product"}],"replies":[{"embeddable":true,"href":"https:\/\/stmtires.com\/es\/wp-json\/wp\/v2\/comments?post=174588"}],"wp:attachment":[{"href":"https:\/\/stmtires.com\/es\/wp-json\/wp\/v2\/media?parent=174588"}],"wp:term":[{"taxonomy":"product_model","embeddable":true,"href":"https:\/\/stmtires.com\/es\/wp-json\/wp\/v2\/product_model?post=174588"},{"taxonomy":"product_brand","embeddable":true,"href":"https:\/\/stmtires.com\/es\/wp-json\/wp\/v2\/product_brand?post=174588"},{"taxonomy":"product_cat","embeddable":true,"href":"https:\/\/stmtires.com\/es\/wp-json\/wp\/v2\/product_cat?post=174588"},{"taxonomy":"product_tag","embeddable":true,"href":"https:\/\/stmtires.com\/es\/wp-json\/wp\/v2\/product_tag?post=174588"}],"curies":[{"name":"wp","href":"https:\/\/api.w.org\/{rel}","templated":true}]}}