{"id":175069,"date":"2022-05-12T16:05:11","date_gmt":"2022-05-12T21:05:11","guid":{"rendered":"https:\/\/website.dev.stmtires.com\/shop\/sin categor\u00eda\/p225-60r16-ecopia-ep422\/"},"modified":"2023-01-06T09:39:10","modified_gmt":"2023-01-06T15:39:10","slug":"p225-60r16-ecopia-ep422-2","status":"publish","type":"product","link":"https:\/\/stmtires.com\/es\/shop\/bridgestone-es\/p225-60r16-ecopia-ep422-2\/","title":{"rendered":"P225\/60R16 ECOPIA EP422"},"content":{"rendered":"<p>Neum\u00e1tico de turismo ecol\u00f3gico para autom\u00f3viles de pasajeros para todas las estaciones.<\/p>\n","protected":false},"excerpt":{"rendered":"<p>Neum\u00e1tico de turismo ecol\u00f3gico para autom\u00f3viles de pasajeros para todas las estaciones.<\/p>\n","protected":false},"featured_media":0,"comment_status":"open","ping_status":"closed","template":"","meta":{"_acf_changed":false,"subheading":[]},"product_model":[25900],"product_brand":[],"product_cat":[19287,19253],"product_tag":[],"class_list":{"0":"post-175069","1":"product","2":"type-product","3":"status-publish","5":"product_model-ecopia-ep422-es","6":"product_cat-servicio-de-autopistas","7":"product_cat-uncategorized","8":"pa_tire-size-225-60r16-es","10":"first","11":"instock","12":"shipping-taxable","13":"purchasable","14":"product-type-simple"},"acf":[],"_links":{"self":[{"href":"https:\/\/stmtires.com\/es\/wp-json\/wp\/v2\/product\/175069","targetHints":{"allow":["GET"]}}],"collection":[{"href":"https:\/\/stmtires.com\/es\/wp-json\/wp\/v2\/product"}],"about":[{"href":"https:\/\/stmtires.com\/es\/wp-json\/wp\/v2\/types\/product"}],"replies":[{"embeddable":true,"href":"https:\/\/stmtires.com\/es\/wp-json\/wp\/v2\/comments?post=175069"}],"wp:attachment":[{"href":"https:\/\/stmtires.com\/es\/wp-json\/wp\/v2\/media?parent=175069"}],"wp:term":[{"taxonomy":"product_model","embeddable":true,"href":"https:\/\/stmtires.com\/es\/wp-json\/wp\/v2\/product_model?post=175069"},{"taxonomy":"product_brand","embeddable":true,"href":"https:\/\/stmtires.com\/es\/wp-json\/wp\/v2\/product_brand?post=175069"},{"taxonomy":"product_cat","embeddable":true,"href":"https:\/\/stmtires.com\/es\/wp-json\/wp\/v2\/product_cat?post=175069"},{"taxonomy":"product_tag","embeddable":true,"href":"https:\/\/stmtires.com\/es\/wp-json\/wp\/v2\/product_tag?post=175069"}],"curies":[{"name":"wp","href":"https:\/\/api.w.org\/{rel}","templated":true}]}}