{"id":175556,"date":"2022-05-25T21:50:53","date_gmt":"2022-05-26T02:50:53","guid":{"rendered":"https:\/\/website.dev.stmtires.com\/shop\/sin categor\u00eda\/11r22-5-xd4\/"},"modified":"2022-07-20T21:02:28","modified_gmt":"2022-07-21T02:02:28","slug":"11r22-5-xd4-2","status":"publish","type":"product","link":"https:\/\/stmtires.com\/es\/shop\/michelin-es\/11r22-5-xd4-2\/","title":{"rendered":"11R22.5 XD4"},"content":{"rendered":"<p>Cami\u00f3n\/Autob\u00fas Comercial. Recauchutado de posici\u00f3n de accionamiento de cami\u00f3n de servicio medio dise\u00f1ado para condiciones de alto torque, como 4&#215;2 en el transporte en l\u00ednea y aplicaciones regionales. Tambi\u00e9n disponible como recauchutado de molde\u2122 personalizado.<\/p>\n","protected":false},"excerpt":{"rendered":"<p>Cami\u00f3n\/Autob\u00fas Comercial. Recauchutado de posici\u00f3n de accionamiento de cami\u00f3n de servicio medio dise\u00f1ado para condiciones de alto torque, como 4&#215;2 en el transporte en l\u00ednea y aplicaciones regionales. Tambi\u00e9n disponible como recauchutado de molde\u2122 personalizado.<\/p>\n","protected":false},"featured_media":175180,"comment_status":"open","ping_status":"closed","template":"","meta":{"_acf_changed":false,"subheading":[]},"product_model":[22376],"product_brand":[15734],"product_cat":[19288,19253],"product_tag":[],"class_list":{"0":"post-175556","1":"product","2":"type-product","3":"status-publish","4":"has-post-thumbnail","6":"product_model-xd4-pre-mold-retread-es-2","7":"product_brand-michelin-es","8":"product_cat-conducir","9":"product_cat-uncategorized","10":"pa_tire-size-11r22-5-es","12":"first","13":"instock","14":"shipping-taxable","15":"purchasable","16":"product-type-simple"},"acf":[],"_links":{"self":[{"href":"https:\/\/stmtires.com\/es\/wp-json\/wp\/v2\/product\/175556","targetHints":{"allow":["GET"]}}],"collection":[{"href":"https:\/\/stmtires.com\/es\/wp-json\/wp\/v2\/product"}],"about":[{"href":"https:\/\/stmtires.com\/es\/wp-json\/wp\/v2\/types\/product"}],"replies":[{"embeddable":true,"href":"https:\/\/stmtires.com\/es\/wp-json\/wp\/v2\/comments?post=175556"}],"wp:featuredmedia":[{"embeddable":true,"href":"https:\/\/stmtires.com\/es\/wp-json\/wp\/v2\/media\/175180"}],"wp:attachment":[{"href":"https:\/\/stmtires.com\/es\/wp-json\/wp\/v2\/media?parent=175556"}],"wp:term":[{"taxonomy":"product_model","embeddable":true,"href":"https:\/\/stmtires.com\/es\/wp-json\/wp\/v2\/product_model?post=175556"},{"taxonomy":"product_brand","embeddable":true,"href":"https:\/\/stmtires.com\/es\/wp-json\/wp\/v2\/product_brand?post=175556"},{"taxonomy":"product_cat","embeddable":true,"href":"https:\/\/stmtires.com\/es\/wp-json\/wp\/v2\/product_cat?post=175556"},{"taxonomy":"product_tag","embeddable":true,"href":"https:\/\/stmtires.com\/es\/wp-json\/wp\/v2\/product_tag?post=175556"}],"curies":[{"name":"wp","href":"https:\/\/api.w.org\/{rel}","templated":true}]}}