{"id":175882,"date":"2022-05-12T12:58:09","date_gmt":"2022-05-12T17:58:09","guid":{"rendered":"https:\/\/website.dev.stmtires.com\/shop\/sin categor\u00eda\/12r22-5-recauchutado-premolde-xzy3-de-220-mm\/"},"modified":"2022-05-12T12:58:09","modified_gmt":"2022-05-12T17:58:09","slug":"12r22-5-220mm-xzy3-pre-molde-recauchutado","status":"publish","type":"product","link":"https:\/\/stmtires.com\/es\/shop\/tires\/12r22-5-220mm-xzy3-pre-molde-recauchutado\/","title":{"rendered":"12R22.5 RECAUCHUTADO PREMOLDE XZY3 DE 220 MM"},"content":{"rendered":"<p>Neum\u00e1tico de cami\u00f3n y autob\u00fas comercial en todas las posiciones dise\u00f1ado para un desgaste y tracci\u00f3n excepcionales en el servicio mixto de carretera on\/off<\/p>\n","protected":false},"excerpt":{"rendered":"<p>Neum\u00e1tico de cami\u00f3n y autob\u00fas comercial en todas las posiciones dise\u00f1ado para un desgaste y tracci\u00f3n excepcionales en el servicio mixto de carretera on\/off<\/p>\n","protected":false},"featured_media":0,"comment_status":"open","ping_status":"closed","template":"","meta":{"_acf_changed":false,"subheading":[]},"product_model":[22827],"product_brand":[],"product_cat":[19253],"product_tag":[],"class_list":{"0":"post-175882","1":"product","2":"type-product","3":"status-publish","5":"product_model-xzy3-pre-mold-retread-es-2","6":"product_cat-uncategorized","8":"first","9":"instock","10":"shipping-taxable","11":"purchasable","12":"product-type-simple"},"acf":[],"_links":{"self":[{"href":"https:\/\/stmtires.com\/es\/wp-json\/wp\/v2\/product\/175882","targetHints":{"allow":["GET"]}}],"collection":[{"href":"https:\/\/stmtires.com\/es\/wp-json\/wp\/v2\/product"}],"about":[{"href":"https:\/\/stmtires.com\/es\/wp-json\/wp\/v2\/types\/product"}],"replies":[{"embeddable":true,"href":"https:\/\/stmtires.com\/es\/wp-json\/wp\/v2\/comments?post=175882"}],"wp:attachment":[{"href":"https:\/\/stmtires.com\/es\/wp-json\/wp\/v2\/media?parent=175882"}],"wp:term":[{"taxonomy":"product_model","embeddable":true,"href":"https:\/\/stmtires.com\/es\/wp-json\/wp\/v2\/product_model?post=175882"},{"taxonomy":"product_brand","embeddable":true,"href":"https:\/\/stmtires.com\/es\/wp-json\/wp\/v2\/product_brand?post=175882"},{"taxonomy":"product_cat","embeddable":true,"href":"https:\/\/stmtires.com\/es\/wp-json\/wp\/v2\/product_cat?post=175882"},{"taxonomy":"product_tag","embeddable":true,"href":"https:\/\/stmtires.com\/es\/wp-json\/wp\/v2\/product_tag?post=175882"}],"curies":[{"name":"wp","href":"https:\/\/api.w.org\/{rel}","templated":true}]}}