{"id":176244,"date":"2022-05-12T10:37:12","date_gmt":"2022-05-12T15:37:12","guid":{"rendered":"https:\/\/website.dev.stmtires.com\/shop\/sin categor\u00eda\/12r225-h-m320\/"},"modified":"2022-05-12T10:37:12","modified_gmt":"2022-05-12T15:37:12","slug":"12r22-5-h-m320-2","status":"publish","type":"product","link":"https:\/\/stmtires.com\/es\/shop\/toyo-es\/12r22-5-h-m320-2\/","title":{"rendered":"12R22,5 H M320"},"content":{"rendered":"<p>Cami\u00f3n\/Autob\u00fas Comercial. Neum\u00e1tico de carretera para camiones de servicio medio construido para m\u00faltiples aplicaciones en los entornos de alto par m\u00e1s exigentes. Dise\u00f1ado para tala, miner\u00eda, hormigoneras y camiones de basura. Disponible en tama\u00f1os est\u00e1ndar y de base ancha.<\/p>\n","protected":false},"excerpt":{"rendered":"<p>Cami\u00f3n\/Autob\u00fas Comercial. Neum\u00e1tico de carretera para camiones de servicio medio construido para m\u00faltiples aplicaciones en los entornos de alto par m\u00e1s exigentes. Dise\u00f1ado para tala, miner\u00eda, hormigoneras y camiones de basura. Disponible en tama\u00f1os est\u00e1ndar y de base ancha.<\/p>\n","protected":false},"featured_media":0,"comment_status":"open","ping_status":"closed","template":"","meta":{"_acf_changed":false,"subheading":[]},"product_model":[25282],"product_brand":[15760],"product_cat":[19286,19313,16308,19287,19253],"product_tag":[],"class_list":{"0":"post-176244","1":"product","2":"type-product","3":"status-publish","5":"product_model-m320-es","6":"product_brand-toyo-es","7":"product_cat-camion-autobus-comercial","8":"product_cat-mineria","9":"product_cat-mining","10":"product_cat-servicio-de-autopistas","11":"product_cat-uncategorized","12":"pa_tire-size-12r22-5-es","14":"first","15":"instock","16":"shipping-taxable","17":"purchasable","18":"product-type-simple"},"acf":[],"_links":{"self":[{"href":"https:\/\/stmtires.com\/es\/wp-json\/wp\/v2\/product\/176244","targetHints":{"allow":["GET"]}}],"collection":[{"href":"https:\/\/stmtires.com\/es\/wp-json\/wp\/v2\/product"}],"about":[{"href":"https:\/\/stmtires.com\/es\/wp-json\/wp\/v2\/types\/product"}],"replies":[{"embeddable":true,"href":"https:\/\/stmtires.com\/es\/wp-json\/wp\/v2\/comments?post=176244"}],"wp:attachment":[{"href":"https:\/\/stmtires.com\/es\/wp-json\/wp\/v2\/media?parent=176244"}],"wp:term":[{"taxonomy":"product_model","embeddable":true,"href":"https:\/\/stmtires.com\/es\/wp-json\/wp\/v2\/product_model?post=176244"},{"taxonomy":"product_brand","embeddable":true,"href":"https:\/\/stmtires.com\/es\/wp-json\/wp\/v2\/product_brand?post=176244"},{"taxonomy":"product_cat","embeddable":true,"href":"https:\/\/stmtires.com\/es\/wp-json\/wp\/v2\/product_cat?post=176244"},{"taxonomy":"product_tag","embeddable":true,"href":"https:\/\/stmtires.com\/es\/wp-json\/wp\/v2\/product_tag?post=176244"}],"curies":[{"name":"wp","href":"https:\/\/api.w.org\/{rel}","templated":true}]}}