{"id":176258,"date":"2022-05-12T16:26:07","date_gmt":"2022-05-12T21:26:07","guid":{"rendered":"https:\/\/website.dev.stmtires.com\/shop\/sin categor\u00eda\/12r225-h-m799\/"},"modified":"2022-05-12T16:26:07","modified_gmt":"2022-05-12T21:26:07","slug":"12r22-5-h-m799-2","status":"publish","type":"product","link":"https:\/\/stmtires.com\/es\/shop\/bridgestone-es\/12r22-5-h-m799-2\/","title":{"rendered":"12R22,5 H M799"},"content":{"rendered":"<p>Cami\u00f3n\/Autob\u00fas Comercial. Neum\u00e1tico radial de accionamiento de cami\u00f3n de servicio medio espec\u00edficamente recomendado en aplicaciones de alta tracci\u00f3n y alto fregado en servicio ligero dentro \/ fuera de carretera \/ servicio de transporte regional y servicio de recogida y entrega.<\/p>\n","protected":false},"excerpt":{"rendered":"<p>Cami\u00f3n\/Autob\u00fas Comercial. Neum\u00e1tico radial de accionamiento de cami\u00f3n de servicio medio espec\u00edficamente recomendado en aplicaciones de alta tracci\u00f3n y alto fregado en servicio ligero dentro \/ fuera de carretera \/ servicio de transporte regional y servicio de recogida y entrega.<\/p>\n","protected":false},"featured_media":221822,"comment_status":"open","ping_status":"closed","template":"","meta":{"_acf_changed":false,"subheading":[]},"product_model":[25907],"product_brand":[],"product_cat":[19286,19288,16272,19289,19287,19301,19332,26129,19253],"product_tag":[],"class_list":{"0":"post-176258","1":"product","2":"type-product","3":"status-publish","4":"has-post-thumbnail","6":"product_model-m799-es","7":"product_cat-camion-autobus-comercial","8":"product_cat-conducir","9":"product_cat-on-off-highway-service","10":"product_cat-radial-es","11":"product_cat-servicio-de-autopistas","12":"product_cat-servicio-on-off-highway","13":"product_cat-servicio-regional","14":"product_cat-tractor-es","15":"product_cat-uncategorized","16":"pa_tire-size-12r22-5-es","18":"first","19":"instock","20":"shipping-taxable","21":"purchasable","22":"product-type-simple"},"acf":[],"_links":{"self":[{"href":"https:\/\/stmtires.com\/es\/wp-json\/wp\/v2\/product\/176258","targetHints":{"allow":["GET"]}}],"collection":[{"href":"https:\/\/stmtires.com\/es\/wp-json\/wp\/v2\/product"}],"about":[{"href":"https:\/\/stmtires.com\/es\/wp-json\/wp\/v2\/types\/product"}],"replies":[{"embeddable":true,"href":"https:\/\/stmtires.com\/es\/wp-json\/wp\/v2\/comments?post=176258"}],"wp:featuredmedia":[{"embeddable":true,"href":"https:\/\/stmtires.com\/es\/wp-json\/wp\/v2\/media\/221822"}],"wp:attachment":[{"href":"https:\/\/stmtires.com\/es\/wp-json\/wp\/v2\/media?parent=176258"}],"wp:term":[{"taxonomy":"product_model","embeddable":true,"href":"https:\/\/stmtires.com\/es\/wp-json\/wp\/v2\/product_model?post=176258"},{"taxonomy":"product_brand","embeddable":true,"href":"https:\/\/stmtires.com\/es\/wp-json\/wp\/v2\/product_brand?post=176258"},{"taxonomy":"product_cat","embeddable":true,"href":"https:\/\/stmtires.com\/es\/wp-json\/wp\/v2\/product_cat?post=176258"},{"taxonomy":"product_tag","embeddable":true,"href":"https:\/\/stmtires.com\/es\/wp-json\/wp\/v2\/product_tag?post=176258"}],"curies":[{"name":"wp","href":"https:\/\/api.w.org\/{rel}","templated":true}]}}