{"id":176264,"date":"2022-05-12T16:50:13","date_gmt":"2022-05-12T21:50:13","guid":{"rendered":"https:\/\/website.dev.stmtires.com\/shop\/sin categor\u00eda\/12r225-h-m853\/"},"modified":"2022-05-12T16:50:13","modified_gmt":"2022-05-12T21:50:13","slug":"12r22-5-h-m853-2","status":"publish","type":"product","link":"https:\/\/stmtires.com\/es\/shop\/bridgestone-es\/12r22-5-h-m853-2\/","title":{"rendered":"12R22,5 H M853"},"content":{"rendered":"<p>Cami\u00f3n\/Autob\u00fas Comercial. Cami\u00f3n de servicio mediano en todo terreno Neum\u00e1tico radial de todas las posiciones recomendado para posiciones de direcci\u00f3n, conducci\u00f3n y remolque en servicio dentro \/ fuera de carretera.<\/p>\n","protected":false},"excerpt":{"rendered":"<p>Cami\u00f3n\/Autob\u00fas Comercial. Cami\u00f3n de servicio mediano en todo terreno Neum\u00e1tico radial de todas las posiciones recomendado para posiciones de direcci\u00f3n, conducci\u00f3n y remolque en servicio dentro \/ fuera de carretera.<\/p>\n","protected":false},"featured_media":0,"comment_status":"open","ping_status":"closed","template":"","meta":{"_acf_changed":false,"subheading":[]},"product_model":[25916],"product_brand":[],"product_cat":[19286,19321,19288,19336,19289,19287,19301,19316,19253],"product_tag":[],"class_list":{"0":"post-176264","1":"product","2":"type-product","3":"status-publish","5":"product_model-m853-es","6":"product_cat-camion-autobus-comercial","7":"product_cat-conducir-es","8":"product_cat-conducir","9":"product_cat-posicion-del-remolque","10":"product_cat-radial-es","11":"product_cat-servicio-de-autopistas","12":"product_cat-servicio-on-off-highway","13":"product_cat-todas-las-posiciones","14":"product_cat-uncategorized","15":"pa_tire-size-12r22-5-es","17":"first","18":"instock","19":"shipping-taxable","20":"purchasable","21":"product-type-simple"},"acf":[],"_links":{"self":[{"href":"https:\/\/stmtires.com\/es\/wp-json\/wp\/v2\/product\/176264","targetHints":{"allow":["GET"]}}],"collection":[{"href":"https:\/\/stmtires.com\/es\/wp-json\/wp\/v2\/product"}],"about":[{"href":"https:\/\/stmtires.com\/es\/wp-json\/wp\/v2\/types\/product"}],"replies":[{"embeddable":true,"href":"https:\/\/stmtires.com\/es\/wp-json\/wp\/v2\/comments?post=176264"}],"wp:attachment":[{"href":"https:\/\/stmtires.com\/es\/wp-json\/wp\/v2\/media?parent=176264"}],"wp:term":[{"taxonomy":"product_model","embeddable":true,"href":"https:\/\/stmtires.com\/es\/wp-json\/wp\/v2\/product_model?post=176264"},{"taxonomy":"product_brand","embeddable":true,"href":"https:\/\/stmtires.com\/es\/wp-json\/wp\/v2\/product_brand?post=176264"},{"taxonomy":"product_cat","embeddable":true,"href":"https:\/\/stmtires.com\/es\/wp-json\/wp\/v2\/product_cat?post=176264"},{"taxonomy":"product_tag","embeddable":true,"href":"https:\/\/stmtires.com\/es\/wp-json\/wp\/v2\/product_tag?post=176264"}],"curies":[{"name":"wp","href":"https:\/\/api.w.org\/{rel}","templated":true}]}}