{"id":176338,"date":"2022-05-12T10:21:59","date_gmt":"2022-05-12T15:21:59","guid":{"rendered":"https:\/\/website.dev.stmtires.com\/shop\/sin categor\u00eda\/12r22-5-h-xds\/"},"modified":"2022-05-12T10:21:59","modified_gmt":"2022-05-12T15:21:59","slug":"12r22-5-h-xds-2","status":"publish","type":"product","link":"https:\/\/stmtires.com\/es\/shop\/michelin-es\/12r22-5-h-xds-2\/","title":{"rendered":"12R22.5 H XDS"},"content":{"rendered":"<p>Cami\u00f3n\/Autob\u00fas Comercial. Neum\u00e1tico radial de eje de accionamiento de cami\u00f3n de servicio medio para tracci\u00f3n durante todo el a\u00f1o y optimizado para condiciones invernales severas en aplicaciones regionales y on \/ off road.<\/p>\n","protected":false},"excerpt":{"rendered":"<p>Cami\u00f3n\/Autob\u00fas Comercial. Neum\u00e1tico radial de eje de accionamiento de cami\u00f3n de servicio medio para tracci\u00f3n durante todo el a\u00f1o y optimizado para condiciones invernales severas en aplicaciones regionales y on \/ off road.<\/p>\n","protected":false},"featured_media":224719,"comment_status":"open","ping_status":"closed","template":"","meta":{"_acf_changed":false,"subheading":[]},"product_model":[25320],"product_brand":[15734],"product_cat":[19288],"product_tag":[],"class_list":{"0":"post-176338","1":"product","2":"type-product","3":"status-publish","4":"has-post-thumbnail","6":"product_model-xds-es","7":"product_brand-michelin-es","8":"product_cat-conducir","9":"pa_tire-size-12r22-5-es","11":"first","12":"instock","13":"shipping-taxable","14":"purchasable","15":"product-type-simple"},"acf":[],"_links":{"self":[{"href":"https:\/\/stmtires.com\/es\/wp-json\/wp\/v2\/product\/176338","targetHints":{"allow":["GET"]}}],"collection":[{"href":"https:\/\/stmtires.com\/es\/wp-json\/wp\/v2\/product"}],"about":[{"href":"https:\/\/stmtires.com\/es\/wp-json\/wp\/v2\/types\/product"}],"replies":[{"embeddable":true,"href":"https:\/\/stmtires.com\/es\/wp-json\/wp\/v2\/comments?post=176338"}],"wp:featuredmedia":[{"embeddable":true,"href":"https:\/\/stmtires.com\/es\/wp-json\/wp\/v2\/media\/224719"}],"wp:attachment":[{"href":"https:\/\/stmtires.com\/es\/wp-json\/wp\/v2\/media?parent=176338"}],"wp:term":[{"taxonomy":"product_model","embeddable":true,"href":"https:\/\/stmtires.com\/es\/wp-json\/wp\/v2\/product_model?post=176338"},{"taxonomy":"product_brand","embeddable":true,"href":"https:\/\/stmtires.com\/es\/wp-json\/wp\/v2\/product_brand?post=176338"},{"taxonomy":"product_cat","embeddable":true,"href":"https:\/\/stmtires.com\/es\/wp-json\/wp\/v2\/product_cat?post=176338"},{"taxonomy":"product_tag","embeddable":true,"href":"https:\/\/stmtires.com\/es\/wp-json\/wp\/v2\/product_tag?post=176338"}],"curies":[{"name":"wp","href":"https:\/\/api.w.org\/{rel}","templated":true}]}}