{"id":176339,"date":"2022-05-12T10:34:53","date_gmt":"2022-05-12T15:34:53","guid":{"rendered":"https:\/\/website.dev.stmtires.com\/shop\/sin categor\u00eda\/12r225-h-xz2\/"},"modified":"2022-05-12T10:34:53","modified_gmt":"2022-05-12T15:34:53","slug":"12r22-5-h-xz2-2","status":"publish","type":"product","link":"https:\/\/stmtires.com\/es\/shop\/michelin-es\/12r22-5-h-xz2-2\/","title":{"rendered":"12R22,5 H XZ2"},"content":{"rendered":"<p>Cami\u00f3n\/Autob\u00fas Comercial. Cami\u00f3n de servicio mediano Neum\u00e1tico radial de alta eficiencia en combustible para todas las posiciones dise\u00f1ado para una larga vida \u00fatil en el servicio de eje de direcci\u00f3n sobre la carretera.<\/p>\n","protected":false},"excerpt":{"rendered":"<p>Cami\u00f3n\/Autob\u00fas Comercial. Cami\u00f3n de servicio mediano Neum\u00e1tico radial de alta eficiencia en combustible para todas las posiciones dise\u00f1ado para una larga vida \u00fatil en el servicio de eje de direcci\u00f3n sobre la carretera.<\/p>\n","protected":false},"featured_media":225043,"comment_status":"open","ping_status":"closed","template":"","meta":{"_acf_changed":false,"subheading":[]},"product_model":[25270],"product_brand":[15734],"product_cat":[19321],"product_tag":[],"class_list":{"0":"post-176339","1":"product","2":"type-product","3":"status-publish","4":"has-post-thumbnail","6":"product_model-xz2-es","7":"product_brand-michelin-es","8":"product_cat-conducir-es","9":"pa_tire-size-12r22-5-es","11":"first","12":"instock","13":"shipping-taxable","14":"purchasable","15":"product-type-simple"},"acf":[],"_links":{"self":[{"href":"https:\/\/stmtires.com\/es\/wp-json\/wp\/v2\/product\/176339","targetHints":{"allow":["GET"]}}],"collection":[{"href":"https:\/\/stmtires.com\/es\/wp-json\/wp\/v2\/product"}],"about":[{"href":"https:\/\/stmtires.com\/es\/wp-json\/wp\/v2\/types\/product"}],"replies":[{"embeddable":true,"href":"https:\/\/stmtires.com\/es\/wp-json\/wp\/v2\/comments?post=176339"}],"wp:featuredmedia":[{"embeddable":true,"href":"https:\/\/stmtires.com\/es\/wp-json\/wp\/v2\/media\/225043"}],"wp:attachment":[{"href":"https:\/\/stmtires.com\/es\/wp-json\/wp\/v2\/media?parent=176339"}],"wp:term":[{"taxonomy":"product_model","embeddable":true,"href":"https:\/\/stmtires.com\/es\/wp-json\/wp\/v2\/product_model?post=176339"},{"taxonomy":"product_brand","embeddable":true,"href":"https:\/\/stmtires.com\/es\/wp-json\/wp\/v2\/product_brand?post=176339"},{"taxonomy":"product_cat","embeddable":true,"href":"https:\/\/stmtires.com\/es\/wp-json\/wp\/v2\/product_cat?post=176339"},{"taxonomy":"product_tag","embeddable":true,"href":"https:\/\/stmtires.com\/es\/wp-json\/wp\/v2\/product_tag?post=176339"}],"curies":[{"name":"wp","href":"https:\/\/api.w.org\/{rel}","templated":true}]}}