{"id":176341,"date":"2022-05-12T11:05:44","date_gmt":"2022-05-12T16:05:44","guid":{"rendered":"https:\/\/website.dev.stmtires.com\/shop\/sin categor\u00eda\/12r22-5-h-xze-chip-y-corte\/"},"modified":"2022-05-12T11:05:44","modified_gmt":"2022-05-12T16:05:44","slug":"12r22-5-h-xze-chip-cut-2-2","status":"publish","type":"product","link":"https:\/\/stmtires.com\/es\/shop\/michelin-es\/12r22-5-h-xze-chip-cut-2-2\/","title":{"rendered":"12R22.5 H XZE (CHIP Y CORTE)"},"content":{"rendered":"<p>\u00abCami\u00f3n\/autob\u00fas comercial. Neum\u00e1tico radial de cami\u00f3n de servicio mediano para todas las posiciones con banda de rodadura extra ancha y extra profunda dise\u00f1ada para ayudar a ofrecer el mejor desgaste en aplicaciones regionales y de transporte de l\u00ednea de alto nivel\u00bb.<\/p>\n","protected":false},"excerpt":{"rendered":"<p>\u00abCami\u00f3n\/autob\u00fas comercial. Neum\u00e1tico radial de cami\u00f3n de servicio mediano para todas las posiciones con banda de rodadura extra ancha y extra profunda dise\u00f1ada para ayudar a ofrecer el mejor desgaste en aplicaciones regionales y de transporte de l\u00ednea de alto nivel\u00bb.<\/p>\n","protected":false},"featured_media":0,"comment_status":"open","ping_status":"closed","template":"","meta":{"_acf_changed":false,"subheading":[]},"product_model":[22360],"product_brand":[15734],"product_cat":[19253],"product_tag":[],"class_list":{"0":"post-176341","1":"product","2":"type-product","3":"status-publish","5":"product_model-xze-es-2","6":"product_brand-michelin-es","7":"product_cat-uncategorized","9":"first","10":"instock","11":"shipping-taxable","12":"purchasable","13":"product-type-simple"},"acf":[],"_links":{"self":[{"href":"https:\/\/stmtires.com\/es\/wp-json\/wp\/v2\/product\/176341","targetHints":{"allow":["GET"]}}],"collection":[{"href":"https:\/\/stmtires.com\/es\/wp-json\/wp\/v2\/product"}],"about":[{"href":"https:\/\/stmtires.com\/es\/wp-json\/wp\/v2\/types\/product"}],"replies":[{"embeddable":true,"href":"https:\/\/stmtires.com\/es\/wp-json\/wp\/v2\/comments?post=176341"}],"wp:attachment":[{"href":"https:\/\/stmtires.com\/es\/wp-json\/wp\/v2\/media?parent=176341"}],"wp:term":[{"taxonomy":"product_model","embeddable":true,"href":"https:\/\/stmtires.com\/es\/wp-json\/wp\/v2\/product_model?post=176341"},{"taxonomy":"product_brand","embeddable":true,"href":"https:\/\/stmtires.com\/es\/wp-json\/wp\/v2\/product_brand?post=176341"},{"taxonomy":"product_cat","embeddable":true,"href":"https:\/\/stmtires.com\/es\/wp-json\/wp\/v2\/product_cat?post=176341"},{"taxonomy":"product_tag","embeddable":true,"href":"https:\/\/stmtires.com\/es\/wp-json\/wp\/v2\/product_tag?post=176341"}],"curies":[{"name":"wp","href":"https:\/\/api.w.org\/{rel}","templated":true}]}}