{"id":176371,"date":"2022-05-12T16:50:23","date_gmt":"2022-05-12T21:50:23","guid":{"rendered":"https:\/\/website.dev.stmtires.com\/shop\/sin categor\u00eda\/12r22-5-j-doble-moneda-rr202\/"},"modified":"2022-05-12T16:50:23","modified_gmt":"2022-05-12T21:50:23","slug":"12r22-5-j-doble-moneda-rr202","status":"publish","type":"product","link":"https:\/\/stmtires.com\/es\/shop\/double-coin\/12r22-5-j-doble-moneda-rr202\/","title":{"rendered":"12R22.5 J DOBLE MONEDA RR202"},"content":{"rendered":"<p>Cami\u00f3n\/Autob\u00fas Comercial. Neum\u00e1tico de servicio en carretera de 5 costillas de servicio pesado verificado por SmartWay, ideal para m\u00faltiples aplicaciones, incluidas cargas pesadas y autobuses de transporte.<\/p>\n","protected":false},"excerpt":{"rendered":"<p>Cami\u00f3n\/Autob\u00fas Comercial. Neum\u00e1tico de servicio en carretera de 5 costillas de servicio pesado verificado por SmartWay, ideal para m\u00faltiples aplicaciones, incluidas cargas pesadas y autobuses de transporte.<\/p>\n","protected":false},"featured_media":0,"comment_status":"open","ping_status":"closed","template":"","meta":{"_acf_changed":false,"subheading":[]},"product_model":[22946],"product_brand":[103],"product_cat":[19286,19324,16312,19287,19323,19253],"product_tag":[],"class_list":{"0":"post-176371","1":"product","2":"type-product","3":"status-publish","5":"product_model-double-coin-rr202-es","6":"product_brand-double-coin","7":"product_cat-camion-autobus-comercial","8":"product_cat-costilla","9":"product_cat-rib","10":"product_cat-servicio-de-autopistas","11":"product_cat-smartway-en-ingles","12":"product_cat-uncategorized","13":"pa_tire-size-12r22-5-es","15":"first","16":"instock","17":"shipping-taxable","18":"purchasable","19":"product-type-simple"},"acf":[],"_links":{"self":[{"href":"https:\/\/stmtires.com\/es\/wp-json\/wp\/v2\/product\/176371","targetHints":{"allow":["GET"]}}],"collection":[{"href":"https:\/\/stmtires.com\/es\/wp-json\/wp\/v2\/product"}],"about":[{"href":"https:\/\/stmtires.com\/es\/wp-json\/wp\/v2\/types\/product"}],"replies":[{"embeddable":true,"href":"https:\/\/stmtires.com\/es\/wp-json\/wp\/v2\/comments?post=176371"}],"wp:attachment":[{"href":"https:\/\/stmtires.com\/es\/wp-json\/wp\/v2\/media?parent=176371"}],"wp:term":[{"taxonomy":"product_model","embeddable":true,"href":"https:\/\/stmtires.com\/es\/wp-json\/wp\/v2\/product_model?post=176371"},{"taxonomy":"product_brand","embeddable":true,"href":"https:\/\/stmtires.com\/es\/wp-json\/wp\/v2\/product_brand?post=176371"},{"taxonomy":"product_cat","embeddable":true,"href":"https:\/\/stmtires.com\/es\/wp-json\/wp\/v2\/product_cat?post=176371"},{"taxonomy":"product_tag","embeddable":true,"href":"https:\/\/stmtires.com\/es\/wp-json\/wp\/v2\/product_tag?post=176371"}],"curies":[{"name":"wp","href":"https:\/\/api.w.org\/{rel}","templated":true}]}}