{"id":176900,"date":"2022-05-12T11:30:50","date_gmt":"2022-05-12T16:30:50","guid":{"rendered":"https:\/\/website.dev.stmtires.com\/shop\/sin categor\u00eda\/13-00-24-f-tl-super-ground-grip-rb-g-2\/"},"modified":"2022-05-12T11:30:50","modified_gmt":"2022-05-12T16:30:50","slug":"13-00-24-f-tl-super-ground-grip-rb-g-2-2","status":"publish","type":"product","link":"https:\/\/stmtires.com\/es\/shop\/firestone-es\/13-00-24-f-tl-super-ground-grip-rb-g-2-2\/","title":{"rendered":"13.00-24 F TL SUPER GROUND GRIP RB G-2"},"content":{"rendered":"<p>Neum\u00e1tico OTR Super Ground Grip Road Builder Bias especialmente dise\u00f1ado para aplicaciones de niveladora que utilizan llantas c\u00f3nicas de cuentas regulares de 5 grados.<\/p>\n","protected":false},"excerpt":{"rendered":"<p>Neum\u00e1tico OTR Super Ground Grip Road Builder Bias especialmente dise\u00f1ado para aplicaciones de niveladora que utilizan llantas c\u00f3nicas de cuentas regulares de 5 grados.<\/p>\n","protected":false},"featured_media":0,"comment_status":"open","ping_status":"closed","template":"","meta":{"_acf_changed":false,"subheading":[]},"product_model":[25467],"product_brand":[15736],"product_cat":[16260,19355,19253],"product_tag":[],"class_list":{"0":"post-176900","1":"product","2":"type-product","3":"status-publish","5":"product_model-sgg-rb-g-2-g-2-l-2-es","6":"product_brand-firestone-es","7":"product_cat-bias","8":"product_cat-predisposicion","9":"product_cat-uncategorized","10":"pa_tire-size-13r24-es","12":"first","13":"instock","14":"shipping-taxable","15":"purchasable","16":"product-type-simple"},"acf":[],"_links":{"self":[{"href":"https:\/\/stmtires.com\/es\/wp-json\/wp\/v2\/product\/176900","targetHints":{"allow":["GET"]}}],"collection":[{"href":"https:\/\/stmtires.com\/es\/wp-json\/wp\/v2\/product"}],"about":[{"href":"https:\/\/stmtires.com\/es\/wp-json\/wp\/v2\/types\/product"}],"replies":[{"embeddable":true,"href":"https:\/\/stmtires.com\/es\/wp-json\/wp\/v2\/comments?post=176900"}],"wp:attachment":[{"href":"https:\/\/stmtires.com\/es\/wp-json\/wp\/v2\/media?parent=176900"}],"wp:term":[{"taxonomy":"product_model","embeddable":true,"href":"https:\/\/stmtires.com\/es\/wp-json\/wp\/v2\/product_model?post=176900"},{"taxonomy":"product_brand","embeddable":true,"href":"https:\/\/stmtires.com\/es\/wp-json\/wp\/v2\/product_brand?post=176900"},{"taxonomy":"product_cat","embeddable":true,"href":"https:\/\/stmtires.com\/es\/wp-json\/wp\/v2\/product_cat?post=176900"},{"taxonomy":"product_tag","embeddable":true,"href":"https:\/\/stmtires.com\/es\/wp-json\/wp\/v2\/product_tag?post=176900"}],"curies":[{"name":"wp","href":"https:\/\/api.w.org\/{rel}","templated":true}]}}