{"id":177047,"date":"2022-05-12T11:26:07","date_gmt":"2022-05-12T16:26:07","guid":{"rendered":"https:\/\/website.dev.stmtires.com\/shop\/sin categor\u00eda\/13-6-36-b-tt-campo-y-carretera-r-1\/"},"modified":"2022-05-12T11:26:07","modified_gmt":"2022-05-12T16:26:07","slug":"13-6-36-b-tt-campo-y-carretera-r-1","status":"publish","type":"product","link":"https:\/\/stmtires.com\/es\/shop\/firestone-es\/13-6-36-b-tt-campo-y-carretera-r-1\/","title":{"rendered":"13.6-36 B TT CAMPO Y CARRETERA R-1"},"content":{"rendered":"<p>Neum\u00e1tico agr\u00edcola R-1 Bias Rear Tractor Drive para trabajos agr\u00edcolas generales. Gran neum\u00e1tico de reemplazo para tractores vintage.<\/p>\n","protected":false},"excerpt":{"rendered":"<p>Neum\u00e1tico agr\u00edcola R-1 Bias Rear Tractor Drive para trabajos agr\u00edcolas generales. Gran neum\u00e1tico de reemplazo para tractores vintage.<\/p>\n","protected":false},"featured_media":0,"comment_status":"open","ping_status":"closed","template":"","meta":{"_acf_changed":false,"subheading":[]},"product_model":[22429],"product_brand":[15736],"product_cat":[26128,19288,16264,26135,19355,26129,19253],"product_tag":[],"class_list":{"0":"post-177047","1":"product","2":"type-product","3":"status-publish","5":"product_model-field-and-road-r-1-es-2","6":"product_brand-firestone-es","7":"product_cat-agricola","8":"product_cat-conducir","9":"product_cat-drive","10":"product_cat-granja","11":"product_cat-predisposicion","12":"product_cat-tractor-es","13":"product_cat-uncategorized","14":"pa_tire-size-136r36","16":"first","17":"instock","18":"shipping-taxable","19":"purchasable","20":"product-type-simple"},"acf":[],"_links":{"self":[{"href":"https:\/\/stmtires.com\/es\/wp-json\/wp\/v2\/product\/177047","targetHints":{"allow":["GET"]}}],"collection":[{"href":"https:\/\/stmtires.com\/es\/wp-json\/wp\/v2\/product"}],"about":[{"href":"https:\/\/stmtires.com\/es\/wp-json\/wp\/v2\/types\/product"}],"replies":[{"embeddable":true,"href":"https:\/\/stmtires.com\/es\/wp-json\/wp\/v2\/comments?post=177047"}],"wp:attachment":[{"href":"https:\/\/stmtires.com\/es\/wp-json\/wp\/v2\/media?parent=177047"}],"wp:term":[{"taxonomy":"product_model","embeddable":true,"href":"https:\/\/stmtires.com\/es\/wp-json\/wp\/v2\/product_model?post=177047"},{"taxonomy":"product_brand","embeddable":true,"href":"https:\/\/stmtires.com\/es\/wp-json\/wp\/v2\/product_brand?post=177047"},{"taxonomy":"product_cat","embeddable":true,"href":"https:\/\/stmtires.com\/es\/wp-json\/wp\/v2\/product_cat?post=177047"},{"taxonomy":"product_tag","embeddable":true,"href":"https:\/\/stmtires.com\/es\/wp-json\/wp\/v2\/product_tag?post=177047"}],"curies":[{"name":"wp","href":"https:\/\/api.w.org\/{rel}","templated":true}]}}