{"id":177648,"date":"2022-05-12T10:14:04","date_gmt":"2022-05-12T15:14:04","guid":{"rendered":"https:\/\/website.dev.stmtires.com\/shop\/sin categor\u00eda\/p205-60r16-energia-mxv4-s8-2\/"},"modified":"2022-05-12T10:14:04","modified_gmt":"2022-05-12T15:14:04","slug":"p205-60r16-energia-mxv4-s8-2","status":"publish","type":"product","link":"https:\/\/stmtires.com\/es\/shop\/michelin-es\/p205-60r16-energia-mxv4-s8-2\/","title":{"rendered":"P205\/60R16 ENERG\u00cdA MXV4 S8"},"content":{"rendered":"<p>Neum\u00e1tico de turismo de alto rendimiento para todo tipo de temporada. Equipo original en veh\u00edculos de turismo como Honda Accord, Toyota Camry y Volvo S40.<\/p>\n","protected":false},"excerpt":{"rendered":"<p>Neum\u00e1tico de turismo de alto rendimiento para todo tipo de temporada. Equipo original en veh\u00edculos de turismo como Honda Accord, Toyota Camry y Volvo S40.<\/p>\n","protected":false},"featured_media":106281,"comment_status":"open","ping_status":"closed","template":"","meta":{"_acf_changed":false,"subheading":[]},"product_model":[25255],"product_brand":[15734],"product_cat":[25986],"product_tag":[],"class_list":{"0":"post-177648","1":"product","2":"type-product","3":"status-publish","4":"has-post-thumbnail","6":"product_model-energy-mxv4-s8-es","7":"product_brand-michelin-es","8":"product_cat-luz-de-pasajero","9":"pa_tire-size-205-60r16-es","11":"first","12":"instock","13":"shipping-taxable","14":"purchasable","15":"product-type-simple"},"acf":[],"_links":{"self":[{"href":"https:\/\/stmtires.com\/es\/wp-json\/wp\/v2\/product\/177648","targetHints":{"allow":["GET"]}}],"collection":[{"href":"https:\/\/stmtires.com\/es\/wp-json\/wp\/v2\/product"}],"about":[{"href":"https:\/\/stmtires.com\/es\/wp-json\/wp\/v2\/types\/product"}],"replies":[{"embeddable":true,"href":"https:\/\/stmtires.com\/es\/wp-json\/wp\/v2\/comments?post=177648"}],"wp:featuredmedia":[{"embeddable":true,"href":"https:\/\/stmtires.com\/es\/wp-json\/wp\/v2\/media\/106281"}],"wp:attachment":[{"href":"https:\/\/stmtires.com\/es\/wp-json\/wp\/v2\/media?parent=177648"}],"wp:term":[{"taxonomy":"product_model","embeddable":true,"href":"https:\/\/stmtires.com\/es\/wp-json\/wp\/v2\/product_model?post=177648"},{"taxonomy":"product_brand","embeddable":true,"href":"https:\/\/stmtires.com\/es\/wp-json\/wp\/v2\/product_brand?post=177648"},{"taxonomy":"product_cat","embeddable":true,"href":"https:\/\/stmtires.com\/es\/wp-json\/wp\/v2\/product_cat?post=177648"},{"taxonomy":"product_tag","embeddable":true,"href":"https:\/\/stmtires.com\/es\/wp-json\/wp\/v2\/product_tag?post=177648"}],"curies":[{"name":"wp","href":"https:\/\/api.w.org\/{rel}","templated":true}]}}