{"id":177879,"date":"2022-05-12T11:32:16","date_gmt":"2022-05-12T16:32:16","guid":{"rendered":"https:\/\/website.dev.stmtires.com\/shop\/sin categor\u00eda\/14-00-24-f-tl-pequeno-sgg-rb-g-2\/"},"modified":"2022-05-12T11:32:16","modified_gmt":"2022-05-12T16:32:16","slug":"14-00-24-f-small-tl-sgg-rb-g-2-2","status":"publish","type":"product","link":"https:\/\/stmtires.com\/es\/shop\/firestone-es\/14-00-24-f-small-tl-sgg-rb-g-2-2\/","title":{"rendered":"14.00-24 F (TL PEQUE\u00d1O) SGG RB G-2"},"content":{"rendered":"<p>Neum\u00e1tico OTR Super Ground Grip Road Builder Bias especialmente dise\u00f1ado para aplicaciones de niveladora que utilizan llantas c\u00f3nicas de cuentas regulares de 5 grados.<\/p>\n","protected":false},"excerpt":{"rendered":"<p>Neum\u00e1tico OTR Super Ground Grip Road Builder Bias especialmente dise\u00f1ado para aplicaciones de niveladora que utilizan llantas c\u00f3nicas de cuentas regulares de 5 grados.<\/p>\n","protected":false},"featured_media":0,"comment_status":"open","ping_status":"closed","template":"","meta":{"_acf_changed":false,"subheading":[]},"product_model":[25467],"product_brand":[15736],"product_cat":[19355,19253],"product_tag":[],"class_list":{"0":"post-177879","1":"product","2":"type-product","3":"status-publish","5":"product_model-sgg-rb-g-2-g-2-l-2-es","6":"product_brand-firestone-es","7":"product_cat-predisposicion","8":"product_cat-uncategorized","9":"pa_tire-size-14r24-es","11":"first","12":"instock","13":"shipping-taxable","14":"purchasable","15":"product-type-simple"},"acf":[],"_links":{"self":[{"href":"https:\/\/stmtires.com\/es\/wp-json\/wp\/v2\/product\/177879","targetHints":{"allow":["GET"]}}],"collection":[{"href":"https:\/\/stmtires.com\/es\/wp-json\/wp\/v2\/product"}],"about":[{"href":"https:\/\/stmtires.com\/es\/wp-json\/wp\/v2\/types\/product"}],"replies":[{"embeddable":true,"href":"https:\/\/stmtires.com\/es\/wp-json\/wp\/v2\/comments?post=177879"}],"wp:attachment":[{"href":"https:\/\/stmtires.com\/es\/wp-json\/wp\/v2\/media?parent=177879"}],"wp:term":[{"taxonomy":"product_model","embeddable":true,"href":"https:\/\/stmtires.com\/es\/wp-json\/wp\/v2\/product_model?post=177879"},{"taxonomy":"product_brand","embeddable":true,"href":"https:\/\/stmtires.com\/es\/wp-json\/wp\/v2\/product_brand?post=177879"},{"taxonomy":"product_cat","embeddable":true,"href":"https:\/\/stmtires.com\/es\/wp-json\/wp\/v2\/product_cat?post=177879"},{"taxonomy":"product_tag","embeddable":true,"href":"https:\/\/stmtires.com\/es\/wp-json\/wp\/v2\/product_tag?post=177879"}],"curies":[{"name":"wp","href":"https:\/\/api.w.org\/{rel}","templated":true}]}}