{"id":177980,"date":"2022-05-12T18:12:29","date_gmt":"2022-05-12T23:12:29","guid":{"rendered":"https:\/\/website.dev.stmtires.com\/shop\/sin categor\u00eda\/14-00-25-n-y532\/"},"modified":"2022-05-12T18:12:29","modified_gmt":"2022-05-12T23:12:29","slug":"14-00-25-n-y532-2","status":"publish","type":"product","link":"https:\/\/stmtires.com\/es\/shop\/yokohama\/14-00-25-n-y532-2\/","title":{"rendered":"14.00-25 N Y532"},"content":{"rendered":"<p>Este neum\u00e1tico est\u00e1 dise\u00f1ado para veh\u00edculos de servicio de patio en acer\u00edas.<\/p>\n","protected":false},"excerpt":{"rendered":"<p>Este neum\u00e1tico est\u00e1 dise\u00f1ado para veh\u00edculos de servicio de patio en acer\u00edas.<\/p>\n","protected":false},"featured_media":220851,"comment_status":"open","ping_status":"closed","template":"","meta":{"_acf_changed":false,"subheading":[]},"product_model":[25819],"product_brand":[54],"product_cat":[19309,19253],"product_tag":[],"class_list":{"0":"post-177980","1":"product","2":"type-product","3":"status-publish","4":"has-post-thumbnail","6":"product_model-y532-es","7":"product_brand-yokohama","8":"product_cat-otr-construccion","9":"product_cat-uncategorized","10":"pa_tire-size-14r25-es","12":"first","13":"instock","14":"shipping-taxable","15":"purchasable","16":"product-type-simple"},"acf":[],"_links":{"self":[{"href":"https:\/\/stmtires.com\/es\/wp-json\/wp\/v2\/product\/177980","targetHints":{"allow":["GET"]}}],"collection":[{"href":"https:\/\/stmtires.com\/es\/wp-json\/wp\/v2\/product"}],"about":[{"href":"https:\/\/stmtires.com\/es\/wp-json\/wp\/v2\/types\/product"}],"replies":[{"embeddable":true,"href":"https:\/\/stmtires.com\/es\/wp-json\/wp\/v2\/comments?post=177980"}],"wp:featuredmedia":[{"embeddable":true,"href":"https:\/\/stmtires.com\/es\/wp-json\/wp\/v2\/media\/220851"}],"wp:attachment":[{"href":"https:\/\/stmtires.com\/es\/wp-json\/wp\/v2\/media?parent=177980"}],"wp:term":[{"taxonomy":"product_model","embeddable":true,"href":"https:\/\/stmtires.com\/es\/wp-json\/wp\/v2\/product_model?post=177980"},{"taxonomy":"product_brand","embeddable":true,"href":"https:\/\/stmtires.com\/es\/wp-json\/wp\/v2\/product_brand?post=177980"},{"taxonomy":"product_cat","embeddable":true,"href":"https:\/\/stmtires.com\/es\/wp-json\/wp\/v2\/product_cat?post=177980"},{"taxonomy":"product_tag","embeddable":true,"href":"https:\/\/stmtires.com\/es\/wp-json\/wp\/v2\/product_tag?post=177980"}],"curies":[{"name":"wp","href":"https:\/\/api.w.org\/{rel}","templated":true}]}}