{"id":178034,"date":"2022-05-12T16:17:53","date_gmt":"2022-05-12T21:17:53","guid":{"rendered":"https:\/\/website.dev.stmtires.com\/shop\/sin categor\u00eda\/14-00r20-d2a-2-tt-vsnl-ums-l-4\/"},"modified":"2022-05-12T16:17:53","modified_gmt":"2022-05-12T21:17:53","slug":"14-00r20d2a-2-tt-vsnl-ums-l-4-2","status":"publish","type":"product","link":"https:\/\/stmtires.com\/es\/shop\/bridgestone-es\/14-00r20d2a-2-tt-vsnl-ums-l-4-2\/","title":{"rendered":"14.00R20 (D2A) 2 * TT VSNL UMS L-4"},"content":{"rendered":"<p>OTR L-4 UMS Industrial (Servicio de mina subterr\u00e1nea) Neum\u00e1tico radial dise\u00f1ado para aplicaciones mineras subterr\u00e1neas resistentes donde se requiere la m\u00e1xima resistencia al corte y al impacto.<\/p>\n","protected":false},"excerpt":{"rendered":"<p>OTR L-4 UMS Industrial (Servicio de mina subterr\u00e1nea) Neum\u00e1tico radial dise\u00f1ado para aplicaciones mineras subterr\u00e1neas resistentes donde se requiere la m\u00e1xima resistencia al corte y al impacto.<\/p>\n","protected":false},"featured_media":223070,"comment_status":"open","ping_status":"closed","template":"","meta":{"_acf_changed":false,"subheading":[]},"product_model":[25839],"product_brand":[],"product_cat":[19295,19313,19289,19253],"product_tag":[],"class_list":{"0":"post-178034","1":"product","2":"type-product","3":"status-publish","4":"has-post-thumbnail","6":"product_model-vsnl-ums-v-steel-n-lug-ums-es","7":"product_cat-industrial-es","8":"product_cat-mineria","9":"product_cat-radial-es","10":"product_cat-uncategorized","11":"pa_tire-size-14r20-es","13":"first","14":"instock","15":"shipping-taxable","16":"purchasable","17":"product-type-simple"},"acf":[],"_links":{"self":[{"href":"https:\/\/stmtires.com\/es\/wp-json\/wp\/v2\/product\/178034","targetHints":{"allow":["GET"]}}],"collection":[{"href":"https:\/\/stmtires.com\/es\/wp-json\/wp\/v2\/product"}],"about":[{"href":"https:\/\/stmtires.com\/es\/wp-json\/wp\/v2\/types\/product"}],"replies":[{"embeddable":true,"href":"https:\/\/stmtires.com\/es\/wp-json\/wp\/v2\/comments?post=178034"}],"wp:featuredmedia":[{"embeddable":true,"href":"https:\/\/stmtires.com\/es\/wp-json\/wp\/v2\/media\/223070"}],"wp:attachment":[{"href":"https:\/\/stmtires.com\/es\/wp-json\/wp\/v2\/media?parent=178034"}],"wp:term":[{"taxonomy":"product_model","embeddable":true,"href":"https:\/\/stmtires.com\/es\/wp-json\/wp\/v2\/product_model?post=178034"},{"taxonomy":"product_brand","embeddable":true,"href":"https:\/\/stmtires.com\/es\/wp-json\/wp\/v2\/product_brand?post=178034"},{"taxonomy":"product_cat","embeddable":true,"href":"https:\/\/stmtires.com\/es\/wp-json\/wp\/v2\/product_cat?post=178034"},{"taxonomy":"product_tag","embeddable":true,"href":"https:\/\/stmtires.com\/es\/wp-json\/wp\/v2\/product_tag?post=178034"}],"curies":[{"name":"wp","href":"https:\/\/api.w.org\/{rel}","templated":true}]}}