{"id":178044,"date":"2022-05-12T16:18:12","date_gmt":"2022-05-12T21:18:12","guid":{"rendered":"https:\/\/website.dev.stmtires.com\/shop\/sin categor\u00eda\/14-00r24-d2a-2-tl-vsms-l-5s\/"},"modified":"2022-05-12T16:18:12","modified_gmt":"2022-05-12T21:18:12","slug":"14-00r24-d2a-2-tl-vsms-l-5s-2","status":"publish","type":"product","link":"https:\/\/stmtires.com\/es\/shop\/bridgestone-es\/14-00r24-d2a-2-tl-vsms-l-5s-2\/","title":{"rendered":"14.00R24 (D2A) 2* TL VSMS L-5S"},"content":{"rendered":"<p>Cargador OTR radial \/ Topadora L-5S Neum\u00e1tico de banda de rodadura suave extraprofunda ideal para operaciones de miner\u00eda subterr\u00e1nea, vertedero, salvamento y manejo de materiales.<\/p>\n","protected":false},"excerpt":{"rendered":"<p>Cargador OTR radial \/ Topadora L-5S Neum\u00e1tico de banda de rodadura suave extraprofunda ideal para operaciones de miner\u00eda subterr\u00e1nea, vertedero, salvamento y manejo de materiales.<\/p>\n","protected":false},"featured_media":0,"comment_status":"open","ping_status":"closed","template":"","meta":{"_acf_changed":false,"subheading":[]},"product_model":[22896],"product_brand":[],"product_cat":[19304,19313,19289,16319,19298,19253],"product_tag":[],"class_list":{"0":"post-178044","1":"product","2":"type-product","3":"status-publish","5":"product_model-vsms-v-steel-smooth-tread-ms-es","6":"product_cat-banda-de-rodadura-profunda","7":"product_cat-mineria","8":"product_cat-radial-es","9":"product_cat-smooth","10":"product_cat-suave","11":"product_cat-uncategorized","12":"pa_tire-size-14r24-es","14":"first","15":"instock","16":"shipping-taxable","17":"purchasable","18":"product-type-simple"},"acf":[],"_links":{"self":[{"href":"https:\/\/stmtires.com\/es\/wp-json\/wp\/v2\/product\/178044","targetHints":{"allow":["GET"]}}],"collection":[{"href":"https:\/\/stmtires.com\/es\/wp-json\/wp\/v2\/product"}],"about":[{"href":"https:\/\/stmtires.com\/es\/wp-json\/wp\/v2\/types\/product"}],"replies":[{"embeddable":true,"href":"https:\/\/stmtires.com\/es\/wp-json\/wp\/v2\/comments?post=178044"}],"wp:attachment":[{"href":"https:\/\/stmtires.com\/es\/wp-json\/wp\/v2\/media?parent=178044"}],"wp:term":[{"taxonomy":"product_model","embeddable":true,"href":"https:\/\/stmtires.com\/es\/wp-json\/wp\/v2\/product_model?post=178044"},{"taxonomy":"product_brand","embeddable":true,"href":"https:\/\/stmtires.com\/es\/wp-json\/wp\/v2\/product_brand?post=178044"},{"taxonomy":"product_cat","embeddable":true,"href":"https:\/\/stmtires.com\/es\/wp-json\/wp\/v2\/product_cat?post=178044"},{"taxonomy":"product_tag","embeddable":true,"href":"https:\/\/stmtires.com\/es\/wp-json\/wp\/v2\/product_tag?post=178044"}],"curies":[{"name":"wp","href":"https:\/\/api.w.org\/{rel}","templated":true}]}}