{"id":178105,"date":"2022-05-12T16:09:48","date_gmt":"2022-05-12T21:09:48","guid":{"rendered":"https:\/\/website.dev.stmtires.com\/shop\/sin categor\u00eda\/14-00r24-3-tt-e-2-vhb\/"},"modified":"2022-05-12T16:09:48","modified_gmt":"2022-05-12T21:09:48","slug":"14-00r24-3-tt-e-2-vhb-2","status":"publish","type":"product","link":"https:\/\/stmtires.com\/es\/shop\/bridgestone-es\/14-00r24-3-tt-e-2-vhb-2\/","title":{"rendered":"14.00R24 3* TT E-2 VHB"},"content":{"rendered":"<p>Neum\u00e1tico de servicio industrial radial OTR dise\u00f1ado para gr\u00faas portuarias m\u00f3viles y tractores de remolque.<\/p>\n","protected":false},"excerpt":{"rendered":"<p>Neum\u00e1tico de servicio industrial radial OTR dise\u00f1ado para gr\u00faas portuarias m\u00f3viles y tractores de remolque.<\/p>\n","protected":false},"featured_media":222366,"comment_status":"open","ping_status":"closed","template":"","meta":{"_acf_changed":false,"subheading":[]},"product_model":[25843],"product_brand":[],"product_cat":[19295,19289,16265,26129,19253],"product_tag":[],"class_list":{"0":"post-178105","1":"product","2":"type-product","3":"status-publish","4":"has-post-thumbnail","6":"product_model-vhb-v-steel-h-block-es","7":"product_cat-industrial-es","8":"product_cat-radial-es","9":"product_cat-radial","10":"product_cat-tractor-es","11":"product_cat-uncategorized","12":"pa_tire-size-14r24-es","14":"first","15":"instock","16":"shipping-taxable","17":"purchasable","18":"product-type-simple"},"acf":[],"_links":{"self":[{"href":"https:\/\/stmtires.com\/es\/wp-json\/wp\/v2\/product\/178105","targetHints":{"allow":["GET"]}}],"collection":[{"href":"https:\/\/stmtires.com\/es\/wp-json\/wp\/v2\/product"}],"about":[{"href":"https:\/\/stmtires.com\/es\/wp-json\/wp\/v2\/types\/product"}],"replies":[{"embeddable":true,"href":"https:\/\/stmtires.com\/es\/wp-json\/wp\/v2\/comments?post=178105"}],"wp:featuredmedia":[{"embeddable":true,"href":"https:\/\/stmtires.com\/es\/wp-json\/wp\/v2\/media\/222366"}],"wp:attachment":[{"href":"https:\/\/stmtires.com\/es\/wp-json\/wp\/v2\/media?parent=178105"}],"wp:term":[{"taxonomy":"product_model","embeddable":true,"href":"https:\/\/stmtires.com\/es\/wp-json\/wp\/v2\/product_model?post=178105"},{"taxonomy":"product_brand","embeddable":true,"href":"https:\/\/stmtires.com\/es\/wp-json\/wp\/v2\/product_brand?post=178105"},{"taxonomy":"product_cat","embeddable":true,"href":"https:\/\/stmtires.com\/es\/wp-json\/wp\/v2\/product_cat?post=178105"},{"taxonomy":"product_tag","embeddable":true,"href":"https:\/\/stmtires.com\/es\/wp-json\/wp\/v2\/product_tag?post=178105"}],"curies":[{"name":"wp","href":"https:\/\/api.w.org\/{rel}","templated":true}]}}