{"id":178188,"date":"2022-05-12T11:43:46","date_gmt":"2022-05-12T16:43:46","guid":{"rendered":"https:\/\/website.dev.stmtires.com\/shop\/sin categor\u00eda\/14-00r25-tl-xmp\/"},"modified":"2022-05-12T11:43:46","modified_gmt":"2022-05-12T16:43:46","slug":"14-00r25-tl-xmp-2","status":"publish","type":"product","link":"https:\/\/stmtires.com\/es\/shop\/michelin-es\/14-00r25-tl-xmp-2\/","title":{"rendered":"14.00R25 TL XMP"},"content":{"rendered":"<p>Neum\u00e1tico radial Earthmover para operaciones de transporte y registro de servicios p\u00fablicos dise\u00f1ado para aplicaciones de alta velocidad.<\/p>\n","protected":false},"excerpt":{"rendered":"<p>Neum\u00e1tico radial Earthmover para operaciones de transporte y registro de servicios p\u00fablicos dise\u00f1ado para aplicaciones de alta velocidad.<\/p>\n","protected":false},"featured_media":0,"comment_status":"open","ping_status":"closed","template":"","meta":{"_acf_changed":false,"subheading":[]},"product_model":[25595],"product_brand":[15734],"product_cat":[19309,19253],"product_tag":[],"class_list":{"0":"post-178188","1":"product","2":"type-product","3":"status-publish","5":"product_model-xmp-es","6":"product_brand-michelin-es","7":"product_cat-otr-construccion","8":"product_cat-uncategorized","9":"pa_tire-size-14r25-es","11":"first","12":"instock","13":"shipping-taxable","14":"purchasable","15":"product-type-simple"},"acf":[],"_links":{"self":[{"href":"https:\/\/stmtires.com\/es\/wp-json\/wp\/v2\/product\/178188","targetHints":{"allow":["GET"]}}],"collection":[{"href":"https:\/\/stmtires.com\/es\/wp-json\/wp\/v2\/product"}],"about":[{"href":"https:\/\/stmtires.com\/es\/wp-json\/wp\/v2\/types\/product"}],"replies":[{"embeddable":true,"href":"https:\/\/stmtires.com\/es\/wp-json\/wp\/v2\/comments?post=178188"}],"wp:attachment":[{"href":"https:\/\/stmtires.com\/es\/wp-json\/wp\/v2\/media?parent=178188"}],"wp:term":[{"taxonomy":"product_model","embeddable":true,"href":"https:\/\/stmtires.com\/es\/wp-json\/wp\/v2\/product_model?post=178188"},{"taxonomy":"product_brand","embeddable":true,"href":"https:\/\/stmtires.com\/es\/wp-json\/wp\/v2\/product_brand?post=178188"},{"taxonomy":"product_cat","embeddable":true,"href":"https:\/\/stmtires.com\/es\/wp-json\/wp\/v2\/product_cat?post=178188"},{"taxonomy":"product_tag","embeddable":true,"href":"https:\/\/stmtires.com\/es\/wp-json\/wp\/v2\/product_tag?post=178188"}],"curies":[{"name":"wp","href":"https:\/\/api.w.org\/{rel}","templated":true}]}}