{"id":178208,"date":"2022-05-12T11:36:13","date_gmt":"2022-05-12T16:36:13","guid":{"rendered":"https:\/\/website.dev.stmtires.com\/shop\/sin categor\u00eda\/145r20-l-xl\/"},"modified":"2022-05-12T11:36:13","modified_gmt":"2022-05-12T16:36:13","slug":"14-5r20-l-xl-2","status":"publish","type":"product","link":"https:\/\/stmtires.com\/es\/shop\/michelin-es\/14-5r20-l-xl-2\/","title":{"rendered":"14,5R20 L XL"},"content":{"rendered":"<p>Neum\u00e1tico radial robusto y confiable para veh\u00edculos t\u00e1cticos todo terreno utilizado en veh\u00edculos de servicio militar.<\/p>\n","protected":false},"excerpt":{"rendered":"<p>Neum\u00e1tico radial robusto y confiable para veh\u00edculos t\u00e1cticos todo terreno utilizado en veh\u00edculos de servicio militar.<\/p>\n","protected":false},"featured_media":0,"comment_status":"open","ping_status":"closed","template":"","meta":{"_acf_changed":false,"subheading":[]},"product_model":[22482],"product_brand":[15734],"product_cat":[19288,19253],"product_tag":[],"class_list":{"0":"post-178208","1":"product","2":"type-product","3":"status-publish","5":"product_model-xl-es-2","6":"product_brand-michelin-es","7":"product_cat-conducir","8":"product_cat-uncategorized","9":"pa_tire-size-145r20","11":"first","12":"instock","13":"shipping-taxable","14":"purchasable","15":"product-type-simple"},"acf":[],"_links":{"self":[{"href":"https:\/\/stmtires.com\/es\/wp-json\/wp\/v2\/product\/178208","targetHints":{"allow":["GET"]}}],"collection":[{"href":"https:\/\/stmtires.com\/es\/wp-json\/wp\/v2\/product"}],"about":[{"href":"https:\/\/stmtires.com\/es\/wp-json\/wp\/v2\/types\/product"}],"replies":[{"embeddable":true,"href":"https:\/\/stmtires.com\/es\/wp-json\/wp\/v2\/comments?post=178208"}],"wp:attachment":[{"href":"https:\/\/stmtires.com\/es\/wp-json\/wp\/v2\/media?parent=178208"}],"wp:term":[{"taxonomy":"product_model","embeddable":true,"href":"https:\/\/stmtires.com\/es\/wp-json\/wp\/v2\/product_model?post=178208"},{"taxonomy":"product_brand","embeddable":true,"href":"https:\/\/stmtires.com\/es\/wp-json\/wp\/v2\/product_brand?post=178208"},{"taxonomy":"product_cat","embeddable":true,"href":"https:\/\/stmtires.com\/es\/wp-json\/wp\/v2\/product_cat?post=178208"},{"taxonomy":"product_tag","embeddable":true,"href":"https:\/\/stmtires.com\/es\/wp-json\/wp\/v2\/product_tag?post=178208"}],"curies":[{"name":"wp","href":"https:\/\/api.w.org\/{rel}","templated":true}]}}