{"id":178260,"date":"2022-05-12T15:30:42","date_gmt":"2022-05-12T20:30:42","guid":{"rendered":"https:\/\/website.dev.stmtires.com\/shop\/sin%20categor\u00eda\/p195-65r15-ecopia-ep20-oe\/"},"modified":"2022-05-27T15:36:35","modified_gmt":"2022-05-27T20:36:35","slug":"p195-65r15-ecopia-ep20-oe","status":"publish","type":"product","link":"https:\/\/stmtires.com\/es\/shop\/bridgestone-es\/p195-65r15-ecopia-ep20-oe\/","title":{"rendered":"P195\/65R15 ECOPIA EP20 OE"},"content":{"rendered":"<p>Neum\u00e1tico para turismos para todas las estaciones. Neum\u00e1tico de equipo original (OE) en veh\u00edculos seleccionados.<\/p>\n","protected":false},"excerpt":{"rendered":"<p>Neum\u00e1tico para turismos para todas las estaciones. Neum\u00e1tico de equipo original (OE) en veh\u00edculos seleccionados.<\/p>\n","protected":false},"featured_media":0,"comment_status":"open","ping_status":"closed","template":"","meta":{"_acf_changed":false,"subheading":[]},"product_model":[25892],"product_brand":[],"product_cat":[19242,16244,19253],"product_tag":[],"class_list":{"0":"post-178260","1":"product","2":"type-product","3":"status-publish","5":"product_model-ecopia-ep20-es","6":"product_cat-equipo-original-oe","7":"product_cat-original-equipment-oe","8":"product_cat-uncategorized","9":"pa_tire-size-195-65r15-es","11":"first","12":"instock","13":"shipping-taxable","14":"purchasable","15":"product-type-simple"},"acf":[],"_links":{"self":[{"href":"https:\/\/stmtires.com\/es\/wp-json\/wp\/v2\/product\/178260","targetHints":{"allow":["GET"]}}],"collection":[{"href":"https:\/\/stmtires.com\/es\/wp-json\/wp\/v2\/product"}],"about":[{"href":"https:\/\/stmtires.com\/es\/wp-json\/wp\/v2\/types\/product"}],"replies":[{"embeddable":true,"href":"https:\/\/stmtires.com\/es\/wp-json\/wp\/v2\/comments?post=178260"}],"wp:attachment":[{"href":"https:\/\/stmtires.com\/es\/wp-json\/wp\/v2\/media?parent=178260"}],"wp:term":[{"taxonomy":"product_model","embeddable":true,"href":"https:\/\/stmtires.com\/es\/wp-json\/wp\/v2\/product_model?post=178260"},{"taxonomy":"product_brand","embeddable":true,"href":"https:\/\/stmtires.com\/es\/wp-json\/wp\/v2\/product_brand?post=178260"},{"taxonomy":"product_cat","embeddable":true,"href":"https:\/\/stmtires.com\/es\/wp-json\/wp\/v2\/product_cat?post=178260"},{"taxonomy":"product_tag","embeddable":true,"href":"https:\/\/stmtires.com\/es\/wp-json\/wp\/v2\/product_tag?post=178260"}],"curies":[{"name":"wp","href":"https:\/\/api.w.org\/{rel}","templated":true}]}}