{"id":178661,"date":"2022-05-12T10:15:43","date_gmt":"2022-05-12T15:15:43","guid":{"rendered":"https:\/\/website.dev.stmtires.com\/shop\/sin categor\u00eda\/p185-70r14-fr690\/"},"modified":"2022-05-12T10:15:43","modified_gmt":"2022-05-12T15:15:43","slug":"p185-70r14-fr690-2","status":"publish","type":"product","link":"https:\/\/stmtires.com\/es\/shop\/firestone-es\/p185-70r14-fr690-2\/","title":{"rendered":"P185\/70R14 FR690"},"content":{"rendered":"<p>Neum\u00e1tico de turismo. Neum\u00e1tico de equipo original (OE) en veh\u00edculos seleccionados.<\/p>\n","protected":false},"excerpt":{"rendered":"<p>Neum\u00e1tico de turismo. Neum\u00e1tico de equipo original (OE) en veh\u00edculos seleccionados.<\/p>\n","protected":false},"featured_media":106820,"comment_status":"open","ping_status":"closed","template":"","meta":{"_acf_changed":false,"subheading":[]},"product_model":[25435],"product_brand":[15736],"product_cat":[19286,16311,19321,19242,19330,19332,19323,19316],"product_tag":[],"class_list":{"0":"post-178661","1":"product","2":"type-product","3":"status-publish","4":"has-post-thumbnail","6":"product_model-fr690-es","7":"product_brand-firestone-es","8":"product_cat-camion-autobus-comercial","9":"product_cat-closed-shoulder","10":"product_cat-conducir-es","11":"product_cat-equipo-original-oe","12":"product_cat-hombro-cerrado","13":"product_cat-servicio-regional","14":"product_cat-smartway-en-ingles","15":"product_cat-todas-las-posiciones","16":"pa_tire-size-185-70r14-es","18":"first","19":"instock","20":"shipping-taxable","21":"purchasable","22":"product-type-simple"},"acf":[],"_links":{"self":[{"href":"https:\/\/stmtires.com\/es\/wp-json\/wp\/v2\/product\/178661","targetHints":{"allow":["GET"]}}],"collection":[{"href":"https:\/\/stmtires.com\/es\/wp-json\/wp\/v2\/product"}],"about":[{"href":"https:\/\/stmtires.com\/es\/wp-json\/wp\/v2\/types\/product"}],"replies":[{"embeddable":true,"href":"https:\/\/stmtires.com\/es\/wp-json\/wp\/v2\/comments?post=178661"}],"wp:featuredmedia":[{"embeddable":true,"href":"https:\/\/stmtires.com\/es\/wp-json\/wp\/v2\/media\/106820"}],"wp:attachment":[{"href":"https:\/\/stmtires.com\/es\/wp-json\/wp\/v2\/media?parent=178661"}],"wp:term":[{"taxonomy":"product_model","embeddable":true,"href":"https:\/\/stmtires.com\/es\/wp-json\/wp\/v2\/product_model?post=178661"},{"taxonomy":"product_brand","embeddable":true,"href":"https:\/\/stmtires.com\/es\/wp-json\/wp\/v2\/product_brand?post=178661"},{"taxonomy":"product_cat","embeddable":true,"href":"https:\/\/stmtires.com\/es\/wp-json\/wp\/v2\/product_cat?post=178661"},{"taxonomy":"product_tag","embeddable":true,"href":"https:\/\/stmtires.com\/es\/wp-json\/wp\/v2\/product_tag?post=178661"}],"curies":[{"name":"wp","href":"https:\/\/api.w.org\/{rel}","templated":true}]}}