{"id":178782,"date":"2022-05-12T15:14:37","date_gmt":"2022-05-12T20:14:37","guid":{"rendered":"https:\/\/website.dev.stmtires.com\/shop\/sin categor\u00eda\/p185-65r14-potenza-re92\/"},"modified":"2022-05-12T15:14:37","modified_gmt":"2022-05-12T20:14:37","slug":"p185-65r14-potenza-re92-2","status":"publish","type":"product","link":"https:\/\/stmtires.com\/es\/shop\/bridgestone-es\/p185-65r14-potenza-re92-2\/","title":{"rendered":"P185\/65R14 POTENZA RE92"},"content":{"rendered":"<p>Neum\u00e1tico de autom\u00f3vil de pasajeros de alto rendimiento para todas las estaciones para coup\u00e9, sed\u00e1n y autom\u00f3vil deportivo.<\/p>\n","protected":false},"excerpt":{"rendered":"<p>Neum\u00e1tico de autom\u00f3vil de pasajeros de alto rendimiento para todas las estaciones para coup\u00e9, sed\u00e1n y autom\u00f3vil deportivo.<\/p>\n","protected":false},"featured_media":0,"comment_status":"open","ping_status":"closed","template":"","meta":{"_acf_changed":false,"subheading":[]},"product_model":[25746],"product_brand":[],"product_cat":[19264,16236],"product_tag":[],"class_list":{"0":"post-178782","1":"product","2":"type-product","3":"status-publish","5":"product_model-potenza-re92-es","6":"product_cat-alto-rendimiento-hp","7":"product_cat-high-performance-hp","8":"pa_tire-size-185-65r14-es","10":"first","11":"instock","12":"shipping-taxable","13":"purchasable","14":"product-type-simple"},"acf":[],"_links":{"self":[{"href":"https:\/\/stmtires.com\/es\/wp-json\/wp\/v2\/product\/178782","targetHints":{"allow":["GET"]}}],"collection":[{"href":"https:\/\/stmtires.com\/es\/wp-json\/wp\/v2\/product"}],"about":[{"href":"https:\/\/stmtires.com\/es\/wp-json\/wp\/v2\/types\/product"}],"replies":[{"embeddable":true,"href":"https:\/\/stmtires.com\/es\/wp-json\/wp\/v2\/comments?post=178782"}],"wp:attachment":[{"href":"https:\/\/stmtires.com\/es\/wp-json\/wp\/v2\/media?parent=178782"}],"wp:term":[{"taxonomy":"product_model","embeddable":true,"href":"https:\/\/stmtires.com\/es\/wp-json\/wp\/v2\/product_model?post=178782"},{"taxonomy":"product_brand","embeddable":true,"href":"https:\/\/stmtires.com\/es\/wp-json\/wp\/v2\/product_brand?post=178782"},{"taxonomy":"product_cat","embeddable":true,"href":"https:\/\/stmtires.com\/es\/wp-json\/wp\/v2\/product_cat?post=178782"},{"taxonomy":"product_tag","embeddable":true,"href":"https:\/\/stmtires.com\/es\/wp-json\/wp\/v2\/product_tag?post=178782"}],"curies":[{"name":"wp","href":"https:\/\/api.w.org\/{rel}","templated":true}]}}