{"id":178852,"date":"2022-05-12T11:24:06","date_gmt":"2022-05-12T16:24:06","guid":{"rendered":"https:\/\/website.dev.stmtires.com\/shop\/sin categor\u00eda\/14l-16-1-d-tl-guia-de-campeon-grip-3-rib-hd-f-2\/"},"modified":"2022-05-12T11:24:06","modified_gmt":"2022-05-12T16:24:06","slug":"14l-16-1-d-tl-champion-guide-grip-3-rib-hd-f-2-2","status":"publish","type":"product","link":"https:\/\/stmtires.com\/es\/shop\/firestone-es\/14l-16-1-d-tl-champion-guide-grip-3-rib-hd-f-2-2\/","title":{"rendered":"14L-16.1 D TL GU\u00cdA DE CAMPE\u00d3N GRIP 3-RIB HD F-2"},"content":{"rendered":"<p>Neum\u00e1tico agr\u00edcola F-2 Bias Front Tractor 3-Rib Heavy Duty (HD) Adecuado para el trabajo agr\u00edcola general.<\/p>\n","protected":false},"excerpt":{"rendered":"<p>Neum\u00e1tico agr\u00edcola F-2 Bias Front Tractor 3-Rib Heavy Duty (HD) Adecuado para el trabajo agr\u00edcola general.<\/p>\n","protected":false},"featured_media":0,"comment_status":"open","ping_status":"closed","template":"","meta":{"_acf_changed":false,"subheading":[]},"product_model":[22441],"product_brand":[15736],"product_cat":[26128,19324,26135,19355,26129,26134,19253],"product_tag":[],"class_list":{"0":"post-178852","1":"product","2":"type-product","3":"status-publish","5":"product_model-champion-guide-grip-3-rib-hd-f-2-es-2","6":"product_brand-firestone-es","7":"product_cat-agricola","8":"product_cat-costilla","9":"product_cat-granja","10":"product_cat-predisposicion","11":"product_cat-tractor-es","12":"product_cat-tractor-delantero","13":"product_cat-uncategorized","14":"pa_tire-size-14r16-1-es","16":"first","17":"instock","18":"shipping-taxable","19":"purchasable","20":"product-type-simple"},"acf":[],"_links":{"self":[{"href":"https:\/\/stmtires.com\/es\/wp-json\/wp\/v2\/product\/178852","targetHints":{"allow":["GET"]}}],"collection":[{"href":"https:\/\/stmtires.com\/es\/wp-json\/wp\/v2\/product"}],"about":[{"href":"https:\/\/stmtires.com\/es\/wp-json\/wp\/v2\/types\/product"}],"replies":[{"embeddable":true,"href":"https:\/\/stmtires.com\/es\/wp-json\/wp\/v2\/comments?post=178852"}],"wp:attachment":[{"href":"https:\/\/stmtires.com\/es\/wp-json\/wp\/v2\/media?parent=178852"}],"wp:term":[{"taxonomy":"product_model","embeddable":true,"href":"https:\/\/stmtires.com\/es\/wp-json\/wp\/v2\/product_model?post=178852"},{"taxonomy":"product_brand","embeddable":true,"href":"https:\/\/stmtires.com\/es\/wp-json\/wp\/v2\/product_brand?post=178852"},{"taxonomy":"product_cat","embeddable":true,"href":"https:\/\/stmtires.com\/es\/wp-json\/wp\/v2\/product_cat?post=178852"},{"taxonomy":"product_tag","embeddable":true,"href":"https:\/\/stmtires.com\/es\/wp-json\/wp\/v2\/product_tag?post=178852"}],"curies":[{"name":"wp","href":"https:\/\/api.w.org\/{rel}","templated":true}]}}