{"id":178868,"date":"2022-05-12T11:24:07","date_gmt":"2022-05-12T16:24:07","guid":{"rendered":"https:\/\/website.dev.stmtires.com\/shop\/sin categor\u00eda\/14l-16-1-e-tl-champion-guia-grip-3-rib-f-2\/"},"modified":"2022-05-12T11:24:07","modified_gmt":"2022-05-12T16:24:07","slug":"14l-16-1-e-tl-champion-guide-grip-3-rib-f-2-2","status":"publish","type":"product","link":"https:\/\/stmtires.com\/es\/shop\/firestone-es\/14l-16-1-e-tl-champion-guide-grip-3-rib-f-2-2\/","title":{"rendered":"14L-16.1 E TL CHAMPION GU\u00cdA GRIP 3-RIB F-2"},"content":{"rendered":"<p>Neum\u00e1tico agr\u00edcola F-2 Bias Front Tractor Tri Rib para todo tipo de condiciones de cultivo.<\/p>\n","protected":false},"excerpt":{"rendered":"<p>Neum\u00e1tico agr\u00edcola F-2 Bias Front Tractor Tri Rib para todo tipo de condiciones de cultivo.<\/p>\n","protected":false},"featured_media":0,"comment_status":"open","ping_status":"closed","template":"","meta":{"_acf_changed":false,"subheading":[]},"product_model":[22439],"product_brand":[15736],"product_cat":[26128,19324,26135,19355,26129,26134,19253],"product_tag":[],"class_list":{"0":"post-178868","1":"product","2":"type-product","3":"status-publish","5":"product_model-champion-guide-grip-3-rib-f-2-es-2","6":"product_brand-firestone-es","7":"product_cat-agricola","8":"product_cat-costilla","9":"product_cat-granja","10":"product_cat-predisposicion","11":"product_cat-tractor-es","12":"product_cat-tractor-delantero","13":"product_cat-uncategorized","14":"pa_tire-size-14r16-1-es","16":"first","17":"instock","18":"shipping-taxable","19":"purchasable","20":"product-type-simple"},"acf":[],"_links":{"self":[{"href":"https:\/\/stmtires.com\/es\/wp-json\/wp\/v2\/product\/178868","targetHints":{"allow":["GET"]}}],"collection":[{"href":"https:\/\/stmtires.com\/es\/wp-json\/wp\/v2\/product"}],"about":[{"href":"https:\/\/stmtires.com\/es\/wp-json\/wp\/v2\/types\/product"}],"replies":[{"embeddable":true,"href":"https:\/\/stmtires.com\/es\/wp-json\/wp\/v2\/comments?post=178868"}],"wp:attachment":[{"href":"https:\/\/stmtires.com\/es\/wp-json\/wp\/v2\/media?parent=178868"}],"wp:term":[{"taxonomy":"product_model","embeddable":true,"href":"https:\/\/stmtires.com\/es\/wp-json\/wp\/v2\/product_model?post=178868"},{"taxonomy":"product_brand","embeddable":true,"href":"https:\/\/stmtires.com\/es\/wp-json\/wp\/v2\/product_brand?post=178868"},{"taxonomy":"product_cat","embeddable":true,"href":"https:\/\/stmtires.com\/es\/wp-json\/wp\/v2\/product_cat?post=178868"},{"taxonomy":"product_tag","embeddable":true,"href":"https:\/\/stmtires.com\/es\/wp-json\/wp\/v2\/product_tag?post=178868"}],"curies":[{"name":"wp","href":"https:\/\/api.w.org\/{rel}","templated":true}]}}