{"id":178904,"date":"2022-05-12T11:27:56","date_gmt":"2022-05-12T16:27:56","guid":{"rendered":"https:\/\/website.dev.stmtires.com\/shop\/sin categor\u00eda\/15-19-5-nhs-f-tl-super-traction-duplex-nhs\/"},"modified":"2022-05-12T11:27:56","modified_gmt":"2022-05-12T16:27:56","slug":"15-19-5-nhs-f-tl-super-traction-duplex-nhs-2","status":"publish","type":"product","link":"https:\/\/stmtires.com\/es\/shop\/firestone-es\/15-19-5-nhs-f-tl-super-traction-duplex-nhs-2\/","title":{"rendered":"15-19.5 NHS F TL SUPER TRACTION DUPLEX &#8211; NHS"},"content":{"rendered":"<p>Sesgo agr\u00edcola no para el servicio de carretera (NHS) neum\u00e1tico dise\u00f1ado para el uso de minicargadoras de servicio medio.<\/p>\n","protected":false},"excerpt":{"rendered":"<p>Sesgo agr\u00edcola no para el servicio de carretera (NHS) neum\u00e1tico dise\u00f1ado para el uso de minicargadoras de servicio medio.<\/p>\n","protected":false},"featured_media":0,"comment_status":"open","ping_status":"closed","template":"","meta":{"_acf_changed":false,"subheading":[]},"product_model":[25489],"product_brand":[15736],"product_cat":[26128,19321,19297,19355,19287,19253],"product_tag":[],"class_list":{"0":"post-178904","1":"product","2":"type-product","3":"status-publish","5":"product_model-super-traction-duplex-nhs-es","6":"product_brand-firestone-es","7":"product_cat-agricola","8":"product_cat-conducir-es","9":"product_cat-minicargadora","10":"product_cat-predisposicion","11":"product_cat-servicio-de-autopistas","12":"product_cat-uncategorized","13":"pa_tire-size-15r19-5-es","15":"first","16":"instock","17":"shipping-taxable","18":"purchasable","19":"product-type-simple"},"acf":[],"_links":{"self":[{"href":"https:\/\/stmtires.com\/es\/wp-json\/wp\/v2\/product\/178904","targetHints":{"allow":["GET"]}}],"collection":[{"href":"https:\/\/stmtires.com\/es\/wp-json\/wp\/v2\/product"}],"about":[{"href":"https:\/\/stmtires.com\/es\/wp-json\/wp\/v2\/types\/product"}],"replies":[{"embeddable":true,"href":"https:\/\/stmtires.com\/es\/wp-json\/wp\/v2\/comments?post=178904"}],"wp:attachment":[{"href":"https:\/\/stmtires.com\/es\/wp-json\/wp\/v2\/media?parent=178904"}],"wp:term":[{"taxonomy":"product_model","embeddable":true,"href":"https:\/\/stmtires.com\/es\/wp-json\/wp\/v2\/product_model?post=178904"},{"taxonomy":"product_brand","embeddable":true,"href":"https:\/\/stmtires.com\/es\/wp-json\/wp\/v2\/product_brand?post=178904"},{"taxonomy":"product_cat","embeddable":true,"href":"https:\/\/stmtires.com\/es\/wp-json\/wp\/v2\/product_cat?post=178904"},{"taxonomy":"product_tag","embeddable":true,"href":"https:\/\/stmtires.com\/es\/wp-json\/wp\/v2\/product_tag?post=178904"}],"curies":[{"name":"wp","href":"https:\/\/api.w.org\/{rel}","templated":true}]}}