{"id":180017,"date":"2022-05-12T14:43:12","date_gmt":"2022-05-12T19:43:12","guid":{"rendered":"https:\/\/website.dev.stmtires.com\/shop\/sin categor\u00eda\/16-00r25-445-95r25-3-tl-doble-moneda-rem-8\/"},"modified":"2022-05-12T14:43:12","modified_gmt":"2022-05-12T19:43:12","slug":"16-00r25-445-95r25-3-tl-doble-moneda-rem-8","status":"publish","type":"product","link":"https:\/\/stmtires.com\/es\/shop\/double-coin\/16-00r25-445-95r25-3-tl-doble-moneda-rem-8\/","title":{"rendered":"16.00R25 (445\/95R25) 3 * TL DOBLE MONEDA REM-8"},"content":{"rendered":"<p>(MCS) Gr\u00faa de alta velocidad. Neum\u00e1tico de servicio de gr\u00faa m\u00f3vil radial de alta velocidad dise\u00f1ado para aplicaciones de carretera dentro y fuera de la carretera.<\/p>\n","protected":false},"excerpt":{"rendered":"<p>(MCS) Gr\u00faa de alta velocidad. Neum\u00e1tico de servicio de gr\u00faa m\u00f3vil radial de alta velocidad dise\u00f1ado para aplicaciones de carretera dentro y fuera de la carretera.<\/p>\n","protected":false},"featured_media":0,"comment_status":"open","ping_status":"closed","template":"","meta":{"_acf_changed":false,"subheading":[]},"product_model":[25714],"product_brand":[103],"product_cat":[19289,19287],"product_tag":[],"class_list":{"0":"post-180017","1":"product","2":"type-product","3":"status-publish","5":"product_model-double-coin-rem-8-es","6":"product_brand-double-coin","7":"product_cat-radial-es","8":"product_cat-servicio-de-autopistas","9":"pa_tire-size-16r25-es","11":"first","12":"instock","13":"shipping-taxable","14":"purchasable","15":"product-type-simple"},"acf":[],"_links":{"self":[{"href":"https:\/\/stmtires.com\/es\/wp-json\/wp\/v2\/product\/180017","targetHints":{"allow":["GET"]}}],"collection":[{"href":"https:\/\/stmtires.com\/es\/wp-json\/wp\/v2\/product"}],"about":[{"href":"https:\/\/stmtires.com\/es\/wp-json\/wp\/v2\/types\/product"}],"replies":[{"embeddable":true,"href":"https:\/\/stmtires.com\/es\/wp-json\/wp\/v2\/comments?post=180017"}],"wp:attachment":[{"href":"https:\/\/stmtires.com\/es\/wp-json\/wp\/v2\/media?parent=180017"}],"wp:term":[{"taxonomy":"product_model","embeddable":true,"href":"https:\/\/stmtires.com\/es\/wp-json\/wp\/v2\/product_model?post=180017"},{"taxonomy":"product_brand","embeddable":true,"href":"https:\/\/stmtires.com\/es\/wp-json\/wp\/v2\/product_brand?post=180017"},{"taxonomy":"product_cat","embeddable":true,"href":"https:\/\/stmtires.com\/es\/wp-json\/wp\/v2\/product_cat?post=180017"},{"taxonomy":"product_tag","embeddable":true,"href":"https:\/\/stmtires.com\/es\/wp-json\/wp\/v2\/product_tag?post=180017"}],"curies":[{"name":"wp","href":"https:\/\/api.w.org\/{rel}","templated":true}]}}