{"id":180036,"date":"2022-05-12T16:17:50","date_gmt":"2022-05-12T21:17:50","guid":{"rendered":"https:\/\/website.dev.stmtires.com\/shop\/sin categor\u00eda\/16-00r25-idu-2-tl-vrls-e-4\/"},"modified":"2022-05-12T16:17:50","modified_gmt":"2022-05-12T21:17:50","slug":"16-00r25-idu-2-tl-vrls-e-4-2","status":"publish","type":"product","link":"https:\/\/stmtires.com\/es\/shop\/bridgestone-es\/16-00r25-idu-2-tl-vrls-e-4-2\/","title":{"rendered":"16.00R25 (IDU) 2* TL VRLS E-4"},"content":{"rendered":"<p>Neum\u00e1tico radial OTR Earthmover E-4 especialmente dise\u00f1ado en una variedad de tama\u00f1os para servicios de cantera, carb\u00f3n y miner\u00eda. Ciertos tama\u00f1os son perfil bajo \/ baja presi\u00f3n de inflado para resistencia al corte y vida \u00fatil prolongada de la banda de rodadura.<\/p>\n","protected":false},"excerpt":{"rendered":"<p>Neum\u00e1tico radial OTR Earthmover E-4 especialmente dise\u00f1ado en una variedad de tama\u00f1os para servicios de cantera, carb\u00f3n y miner\u00eda. Ciertos tama\u00f1os son perfil bajo \/ baja presi\u00f3n de inflado para resistencia al corte y vida \u00fatil prolongada de la banda de rodadura.<\/p>\n","protected":false},"featured_media":0,"comment_status":"open","ping_status":"closed","template":"","meta":{"_acf_changed":false,"subheading":[]},"product_model":[22927],"product_brand":[],"product_cat":[19264,19313,26140,19289,19253],"product_tag":[],"class_list":{"0":"post-180036","1":"product","2":"type-product","3":"status-publish","5":"product_model-vrls-v-steel-r-lug-s-es","6":"product_cat-alto-rendimiento-hp","7":"product_cat-mineria","8":"product_cat-perfil-bajo","9":"product_cat-radial-es","10":"product_cat-uncategorized","11":"pa_tire-size-16r25-es","13":"first","14":"instock","15":"shipping-taxable","16":"purchasable","17":"product-type-simple"},"acf":[],"_links":{"self":[{"href":"https:\/\/stmtires.com\/es\/wp-json\/wp\/v2\/product\/180036","targetHints":{"allow":["GET"]}}],"collection":[{"href":"https:\/\/stmtires.com\/es\/wp-json\/wp\/v2\/product"}],"about":[{"href":"https:\/\/stmtires.com\/es\/wp-json\/wp\/v2\/types\/product"}],"replies":[{"embeddable":true,"href":"https:\/\/stmtires.com\/es\/wp-json\/wp\/v2\/comments?post=180036"}],"wp:attachment":[{"href":"https:\/\/stmtires.com\/es\/wp-json\/wp\/v2\/media?parent=180036"}],"wp:term":[{"taxonomy":"product_model","embeddable":true,"href":"https:\/\/stmtires.com\/es\/wp-json\/wp\/v2\/product_model?post=180036"},{"taxonomy":"product_brand","embeddable":true,"href":"https:\/\/stmtires.com\/es\/wp-json\/wp\/v2\/product_brand?post=180036"},{"taxonomy":"product_cat","embeddable":true,"href":"https:\/\/stmtires.com\/es\/wp-json\/wp\/v2\/product_cat?post=180036"},{"taxonomy":"product_tag","embeddable":true,"href":"https:\/\/stmtires.com\/es\/wp-json\/wp\/v2\/product_tag?post=180036"}],"curies":[{"name":"wp","href":"https:\/\/api.w.org\/{rel}","templated":true}]}}