{"id":180136,"date":"2022-05-12T11:24:16","date_gmt":"2022-05-12T16:24:16","guid":{"rendered":"https:\/\/website.dev.stmtires.com\/shop\/sin categor\u00eda\/16-5l-16-1-e-implemento-de-alimentacion-i-3-b\/"},"modified":"2022-05-12T11:24:16","modified_gmt":"2022-05-12T16:24:16","slug":"16-5l-16-1-e-power-implement-i-3-b-2","status":"publish","type":"product","link":"https:\/\/stmtires.com\/es\/shop\/firestone-es\/16-5l-16-1-e-power-implement-i-3-b-2\/","title":{"rendered":"16.5L-16.1 E IMPLEMENTO DE ALIMENTACI\u00d3N I-3 (B)"},"content":{"rendered":"<p>Neum\u00e1tico de implemento de sesgo I-3 agr\u00edcola dise\u00f1ado para ruedas de tracci\u00f3n en m\u00e1quinas autopropulsadas como cargadoras frontales. Disponible con banda de rodadura direccional o no direccional para equipos accionados por tierra.<\/p>\n","protected":false},"excerpt":{"rendered":"<p>Neum\u00e1tico de implemento de sesgo I-3 agr\u00edcola dise\u00f1ado para ruedas de tracci\u00f3n en m\u00e1quinas autopropulsadas como cargadoras frontales. Disponible con banda de rodadura direccional o no direccional para equipos accionados por tierra.<\/p>\n","protected":false},"featured_media":0,"comment_status":"open","ping_status":"closed","template":"","meta":{"_acf_changed":false,"subheading":[]},"product_model":[25519],"product_brand":[15736],"product_cat":[26128,19288,19322,16289,26130,19355,19253],"product_tag":[],"class_list":{"0":"post-180136","1":"product","2":"type-product","3":"status-publish","5":"product_model-power-implement-i-3-es-2","6":"product_brand-firestone-es","7":"product_cat-agricola","8":"product_cat-conducir","9":"product_cat-direccional","10":"product_cat-directional","11":"product_cat-instrumento","12":"product_cat-predisposicion","13":"product_cat-uncategorized","14":"pa_tire-size-16-5r16-1-es","16":"first","17":"instock","18":"shipping-taxable","19":"purchasable","20":"product-type-simple"},"acf":[],"_links":{"self":[{"href":"https:\/\/stmtires.com\/es\/wp-json\/wp\/v2\/product\/180136","targetHints":{"allow":["GET"]}}],"collection":[{"href":"https:\/\/stmtires.com\/es\/wp-json\/wp\/v2\/product"}],"about":[{"href":"https:\/\/stmtires.com\/es\/wp-json\/wp\/v2\/types\/product"}],"replies":[{"embeddable":true,"href":"https:\/\/stmtires.com\/es\/wp-json\/wp\/v2\/comments?post=180136"}],"wp:attachment":[{"href":"https:\/\/stmtires.com\/es\/wp-json\/wp\/v2\/media?parent=180136"}],"wp:term":[{"taxonomy":"product_model","embeddable":true,"href":"https:\/\/stmtires.com\/es\/wp-json\/wp\/v2\/product_model?post=180136"},{"taxonomy":"product_brand","embeddable":true,"href":"https:\/\/stmtires.com\/es\/wp-json\/wp\/v2\/product_brand?post=180136"},{"taxonomy":"product_cat","embeddable":true,"href":"https:\/\/stmtires.com\/es\/wp-json\/wp\/v2\/product_cat?post=180136"},{"taxonomy":"product_tag","embeddable":true,"href":"https:\/\/stmtires.com\/es\/wp-json\/wp\/v2\/product_tag?post=180136"}],"curies":[{"name":"wp","href":"https:\/\/api.w.org\/{rel}","templated":true}]}}