{"id":180221,"date":"2022-05-12T11:21:55","date_gmt":"2022-05-12T16:21:55","guid":{"rendered":"https:\/\/website.dev.stmtires.com\/shop\/sin categor\u00eda\/16-9-26-e-tl-super-all-traction-fwd-r-1\/"},"modified":"2022-05-12T11:21:55","modified_gmt":"2022-05-12T16:21:55","slug":"16-9-26-e-tl-super-all-traction-fwd-r-1-2","status":"publish","type":"product","link":"https:\/\/stmtires.com\/es\/shop\/firestone-es\/16-9-26-e-tl-super-all-traction-fwd-r-1-2\/","title":{"rendered":"16.9-26 E TL SUPER ALL TRACTION FWD R-1"},"content":{"rendered":"<p>Neum\u00e1tico agr\u00edcola R-1 Bias dise\u00f1ado para posiciones delanteras de tractores mec\u00e1nicos de tracci\u00f3n delantera (MFWD) y un compa\u00f1ero perfecto para neum\u00e1ticos Firestone SAT 23\u00b0.<\/p>\n","protected":false},"excerpt":{"rendered":"<p>Neum\u00e1tico agr\u00edcola R-1 Bias dise\u00f1ado para posiciones delanteras de tractores mec\u00e1nicos de tracci\u00f3n delantera (MFWD) y un compa\u00f1ero perfecto para neum\u00e1ticos Firestone SAT 23\u00b0.<\/p>\n","protected":false},"featured_media":0,"comment_status":"open","ping_status":"closed","template":"","meta":{"_acf_changed":false,"subheading":[]},"product_model":[25505],"product_brand":[15736],"product_cat":[26128,19288,19313,19355,19289,26129,19253],"product_tag":[],"class_list":{"0":"post-180221","1":"product","2":"type-product","3":"status-publish","5":"product_model-super-all-traction-fwd-r-1-es","6":"product_brand-firestone-es","7":"product_cat-agricola","8":"product_cat-conducir","9":"product_cat-mineria","10":"product_cat-predisposicion","11":"product_cat-radial-es","12":"product_cat-tractor-es","13":"product_cat-uncategorized","14":"pa_tire-size-169r26","16":"first","17":"instock","18":"shipping-taxable","19":"purchasable","20":"product-type-simple"},"acf":[],"_links":{"self":[{"href":"https:\/\/stmtires.com\/es\/wp-json\/wp\/v2\/product\/180221","targetHints":{"allow":["GET"]}}],"collection":[{"href":"https:\/\/stmtires.com\/es\/wp-json\/wp\/v2\/product"}],"about":[{"href":"https:\/\/stmtires.com\/es\/wp-json\/wp\/v2\/types\/product"}],"replies":[{"embeddable":true,"href":"https:\/\/stmtires.com\/es\/wp-json\/wp\/v2\/comments?post=180221"}],"wp:attachment":[{"href":"https:\/\/stmtires.com\/es\/wp-json\/wp\/v2\/media?parent=180221"}],"wp:term":[{"taxonomy":"product_model","embeddable":true,"href":"https:\/\/stmtires.com\/es\/wp-json\/wp\/v2\/product_model?post=180221"},{"taxonomy":"product_brand","embeddable":true,"href":"https:\/\/stmtires.com\/es\/wp-json\/wp\/v2\/product_brand?post=180221"},{"taxonomy":"product_cat","embeddable":true,"href":"https:\/\/stmtires.com\/es\/wp-json\/wp\/v2\/product_cat?post=180221"},{"taxonomy":"product_tag","embeddable":true,"href":"https:\/\/stmtires.com\/es\/wp-json\/wp\/v2\/product_tag?post=180221"}],"curies":[{"name":"wp","href":"https:\/\/api.w.org\/{rel}","templated":true}]}}