{"id":180293,"date":"2022-05-12T11:24:47","date_gmt":"2022-05-12T16:24:47","guid":{"rendered":"https:\/\/website.dev.stmtires.com\/shop\/sin categor\u00eda\/lt265-75r16-e-open-country-h-t-con-funcion-de-toba\/"},"modified":"2022-05-12T11:24:47","modified_gmt":"2022-05-12T16:24:47","slug":"lt265-75r16-e-open-country-h-t-with-tuff-duty-2","status":"publish","type":"product","link":"https:\/\/stmtires.com\/es\/shop\/toyo-es\/lt265-75r16-e-open-country-h-t-with-tuff-duty-2\/","title":{"rendered":"LT265\/75R16 E OPEN COUNTRY H\/T CON FUNCI\u00d3N DE TOBA"},"content":{"rendered":"<p>Neum\u00e1tico para camiones ligeros de terreno de carretera ideal para camionetas di\u00e9sel de alto par, remolques de remolque y transporte de cargas pesadas.<\/p>\n","protected":false},"excerpt":{"rendered":"<p>Neum\u00e1tico para camiones ligeros de terreno de carretera ideal para camionetas di\u00e9sel de alto par, remolques de remolque y transporte de cargas pesadas.<\/p>\n","protected":false},"featured_media":0,"comment_status":"open","ping_status":"closed","template":"","meta":{"_acf_changed":false,"subheading":[]},"product_model":[25529],"product_brand":[15760],"product_cat":[19287,19240,19253],"product_tag":[],"class_list":{"0":"post-180293","1":"product","2":"type-product","3":"status-publish","5":"product_model-open-country-h-t-with-tuff-duty-es-2","6":"product_brand-toyo-es","7":"product_cat-servicio-de-autopistas","8":"product_cat-terreno-de-la-autopista-h-t","9":"product_cat-uncategorized","10":"pa_tire-size-265-75r16-es","12":"first","13":"instock","14":"shipping-taxable","15":"purchasable","16":"product-type-simple"},"acf":[],"_links":{"self":[{"href":"https:\/\/stmtires.com\/es\/wp-json\/wp\/v2\/product\/180293","targetHints":{"allow":["GET"]}}],"collection":[{"href":"https:\/\/stmtires.com\/es\/wp-json\/wp\/v2\/product"}],"about":[{"href":"https:\/\/stmtires.com\/es\/wp-json\/wp\/v2\/types\/product"}],"replies":[{"embeddable":true,"href":"https:\/\/stmtires.com\/es\/wp-json\/wp\/v2\/comments?post=180293"}],"wp:attachment":[{"href":"https:\/\/stmtires.com\/es\/wp-json\/wp\/v2\/media?parent=180293"}],"wp:term":[{"taxonomy":"product_model","embeddable":true,"href":"https:\/\/stmtires.com\/es\/wp-json\/wp\/v2\/product_model?post=180293"},{"taxonomy":"product_brand","embeddable":true,"href":"https:\/\/stmtires.com\/es\/wp-json\/wp\/v2\/product_brand?post=180293"},{"taxonomy":"product_cat","embeddable":true,"href":"https:\/\/stmtires.com\/es\/wp-json\/wp\/v2\/product_cat?post=180293"},{"taxonomy":"product_tag","embeddable":true,"href":"https:\/\/stmtires.com\/es\/wp-json\/wp\/v2\/product_tag?post=180293"}],"curies":[{"name":"wp","href":"https:\/\/api.w.org\/{rel}","templated":true}]}}