{"id":180403,"date":"2022-05-12T14:46:39","date_gmt":"2022-05-12T19:46:39","guid":{"rendered":"https:\/\/website.dev.stmtires.com\/shop\/sin categor\u00eda\/lt265-75r16-e-campo-a-traves-de-laredo\/"},"modified":"2022-05-12T14:46:39","modified_gmt":"2022-05-12T19:46:39","slug":"lt265-75r16-e-laredo-campo-a-traves","status":"publish","type":"product","link":"https:\/\/stmtires.com\/es\/shop\/uniroyal\/lt265-75r16-e-laredo-campo-a-traves\/","title":{"rendered":"LT265\/75R16 E CAMPO A TRAV\u00c9S DE LAREDO"},"content":{"rendered":"<p>Neum\u00e1tico de cami\u00f3n ligero \/ SUV para pasajeros de todas las estaciones.<\/p>\n","protected":false},"excerpt":{"rendered":"<p>Neum\u00e1tico de cami\u00f3n ligero \/ SUV para pasajeros de todas las estaciones.<\/p>\n","protected":false},"featured_media":134956,"comment_status":"open","ping_status":"closed","template":"","meta":{"_acf_changed":false,"subheading":[]},"product_model":[25765],"product_brand":[36],"product_cat":[19321,25986],"product_tag":[],"class_list":{"0":"post-180403","1":"product","2":"type-product","3":"status-publish","4":"has-post-thumbnail","6":"product_model-laredo-cross-country-es","7":"product_brand-uniroyal","8":"product_cat-conducir-es","9":"product_cat-luz-de-pasajero","10":"pa_tire-size-265-75r16-es","12":"first","13":"instock","14":"shipping-taxable","15":"purchasable","16":"product-type-simple"},"acf":[],"_links":{"self":[{"href":"https:\/\/stmtires.com\/es\/wp-json\/wp\/v2\/product\/180403","targetHints":{"allow":["GET"]}}],"collection":[{"href":"https:\/\/stmtires.com\/es\/wp-json\/wp\/v2\/product"}],"about":[{"href":"https:\/\/stmtires.com\/es\/wp-json\/wp\/v2\/types\/product"}],"replies":[{"embeddable":true,"href":"https:\/\/stmtires.com\/es\/wp-json\/wp\/v2\/comments?post=180403"}],"wp:featuredmedia":[{"embeddable":true,"href":"https:\/\/stmtires.com\/es\/wp-json\/wp\/v2\/media\/134956"}],"wp:attachment":[{"href":"https:\/\/stmtires.com\/es\/wp-json\/wp\/v2\/media?parent=180403"}],"wp:term":[{"taxonomy":"product_model","embeddable":true,"href":"https:\/\/stmtires.com\/es\/wp-json\/wp\/v2\/product_model?post=180403"},{"taxonomy":"product_brand","embeddable":true,"href":"https:\/\/stmtires.com\/es\/wp-json\/wp\/v2\/product_brand?post=180403"},{"taxonomy":"product_cat","embeddable":true,"href":"https:\/\/stmtires.com\/es\/wp-json\/wp\/v2\/product_cat?post=180403"},{"taxonomy":"product_tag","embeddable":true,"href":"https:\/\/stmtires.com\/es\/wp-json\/wp\/v2\/product_tag?post=180403"}],"curies":[{"name":"wp","href":"https:\/\/api.w.org\/{rel}","templated":true}]}}