{"id":180449,"date":"2022-05-12T15:01:13","date_gmt":"2022-05-12T20:01:13","guid":{"rendered":"https:\/\/website.dev.stmtires.com\/shop\/sin categor\u00eda\/lt265-75r16-r250-todo-acero\/"},"modified":"2022-05-12T15:01:13","modified_gmt":"2022-05-12T20:01:13","slug":"lt265-75r16-r250-todo-acero","status":"publish","type":"product","link":"https:\/\/stmtires.com\/es\/shop\/bridgestone-es\/lt265-75r16-r250-todo-acero\/","title":{"rendered":"LT265\/75R16 R250 TODO ACERO"},"content":{"rendered":"<p>Cami\u00f3n\/Autob\u00fas Comercial. Neum\u00e1tico radial de cami\u00f3n de servicio medio en carretera para recogida y entrega, neum\u00e1tico de servicio regional y de larga distancia.<\/p>\n","protected":false},"excerpt":{"rendered":"<p>Cami\u00f3n\/Autob\u00fas Comercial. Neum\u00e1tico radial de cami\u00f3n de servicio medio en carretera para recogida y entrega, neum\u00e1tico de servicio regional y de larga distancia.<\/p>\n","protected":false},"featured_media":222526,"comment_status":"open","ping_status":"closed","template":"","meta":{"_acf_changed":false,"subheading":[]},"product_model":[25692],"product_brand":[],"product_cat":[19286,19289,16266,19287,19332],"product_tag":[],"class_list":{"0":"post-180449","1":"product","2":"type-product","3":"status-publish","4":"has-post-thumbnail","6":"product_model-r250-all-steel-es","7":"product_cat-camion-autobus-comercial","8":"product_cat-radial-es","9":"product_cat-regional-service","10":"product_cat-servicio-de-autopistas","11":"product_cat-servicio-regional","12":"pa_tire-size-265-75r16-es","14":"first","15":"instock","16":"shipping-taxable","17":"purchasable","18":"product-type-simple"},"acf":[],"_links":{"self":[{"href":"https:\/\/stmtires.com\/es\/wp-json\/wp\/v2\/product\/180449","targetHints":{"allow":["GET"]}}],"collection":[{"href":"https:\/\/stmtires.com\/es\/wp-json\/wp\/v2\/product"}],"about":[{"href":"https:\/\/stmtires.com\/es\/wp-json\/wp\/v2\/types\/product"}],"replies":[{"embeddable":true,"href":"https:\/\/stmtires.com\/es\/wp-json\/wp\/v2\/comments?post=180449"}],"wp:featuredmedia":[{"embeddable":true,"href":"https:\/\/stmtires.com\/es\/wp-json\/wp\/v2\/media\/222526"}],"wp:attachment":[{"href":"https:\/\/stmtires.com\/es\/wp-json\/wp\/v2\/media?parent=180449"}],"wp:term":[{"taxonomy":"product_model","embeddable":true,"href":"https:\/\/stmtires.com\/es\/wp-json\/wp\/v2\/product_model?post=180449"},{"taxonomy":"product_brand","embeddable":true,"href":"https:\/\/stmtires.com\/es\/wp-json\/wp\/v2\/product_brand?post=180449"},{"taxonomy":"product_cat","embeddable":true,"href":"https:\/\/stmtires.com\/es\/wp-json\/wp\/v2\/product_cat?post=180449"},{"taxonomy":"product_tag","embeddable":true,"href":"https:\/\/stmtires.com\/es\/wp-json\/wp\/v2\/product_tag?post=180449"}],"curies":[{"name":"wp","href":"https:\/\/api.w.org\/{rel}","templated":true}]}}