{"id":180889,"date":"2022-05-12T15:38:55","date_gmt":"2022-05-12T20:38:55","guid":{"rendered":"https:\/\/website.dev.stmtires.com\/shop\/sin categor\u00eda\/lt245-75r17-e-duravis-r250\/"},"modified":"2022-05-12T15:38:55","modified_gmt":"2022-05-12T20:38:55","slug":"lt245-75r17-e-duravis-r250-2","status":"publish","type":"product","link":"https:\/\/stmtires.com\/es\/shop\/bridgestone-es\/lt245-75r17-e-duravis-r250-2\/","title":{"rendered":"LT245\/75R17 E DURAVIS R250"},"content":{"rendered":"<p>Neum\u00e1tico radial de cami\u00f3n ligero comercial de acero para uso en carretera cuando se requieren cargas pesadas. Dise\u00f1ado para recogida y entrega, servicio regional y de larga distancia.<\/p>\n","protected":false},"excerpt":{"rendered":"<p>Neum\u00e1tico radial de cami\u00f3n ligero comercial de acero para uso en carretera cuando se requieren cargas pesadas. Dise\u00f1ado para recogida y entrega, servicio regional y de larga distancia.<\/p>\n","protected":false},"featured_media":221104,"comment_status":"open","ping_status":"closed","template":"","meta":{"_acf_changed":false,"subheading":[]},"product_model":[25776],"product_brand":[],"product_cat":[19289,16266,19287,19332,19316,19259,19253],"product_tag":[],"class_list":{"0":"post-180889","1":"product","2":"type-product","3":"status-publish","4":"has-post-thumbnail","6":"product_model-duravis-r250-es","7":"product_cat-radial-es","8":"product_cat-regional-service","9":"product_cat-servicio-de-autopistas","10":"product_cat-servicio-regional","11":"product_cat-todas-las-posiciones","12":"product_cat-todo-terreno-a-t","13":"product_cat-uncategorized","14":"pa_tire-size-245-75r17-es","16":"first","17":"instock","18":"shipping-taxable","19":"purchasable","20":"product-type-simple"},"acf":[],"_links":{"self":[{"href":"https:\/\/stmtires.com\/es\/wp-json\/wp\/v2\/product\/180889","targetHints":{"allow":["GET"]}}],"collection":[{"href":"https:\/\/stmtires.com\/es\/wp-json\/wp\/v2\/product"}],"about":[{"href":"https:\/\/stmtires.com\/es\/wp-json\/wp\/v2\/types\/product"}],"replies":[{"embeddable":true,"href":"https:\/\/stmtires.com\/es\/wp-json\/wp\/v2\/comments?post=180889"}],"wp:featuredmedia":[{"embeddable":true,"href":"https:\/\/stmtires.com\/es\/wp-json\/wp\/v2\/media\/221104"}],"wp:attachment":[{"href":"https:\/\/stmtires.com\/es\/wp-json\/wp\/v2\/media?parent=180889"}],"wp:term":[{"taxonomy":"product_model","embeddable":true,"href":"https:\/\/stmtires.com\/es\/wp-json\/wp\/v2\/product_model?post=180889"},{"taxonomy":"product_brand","embeddable":true,"href":"https:\/\/stmtires.com\/es\/wp-json\/wp\/v2\/product_brand?post=180889"},{"taxonomy":"product_cat","embeddable":true,"href":"https:\/\/stmtires.com\/es\/wp-json\/wp\/v2\/product_cat?post=180889"},{"taxonomy":"product_tag","embeddable":true,"href":"https:\/\/stmtires.com\/es\/wp-json\/wp\/v2\/product_tag?post=180889"}],"curies":[{"name":"wp","href":"https:\/\/api.w.org\/{rel}","templated":true}]}}