{"id":181125,"date":"2022-05-12T16:12:49","date_gmt":"2022-05-12T21:12:49","guid":{"rendered":"https:\/\/website.dev.stmtires.com\/shop\/sin%20categor\u00eda\/lt245-75r16-e-r265\/"},"modified":"2022-05-28T04:55:29","modified_gmt":"2022-05-28T09:55:29","slug":"lt245-75r16-e-r265","status":"publish","type":"product","link":"https:\/\/stmtires.com\/es\/shop\/bridgestone-es\/lt245-75r16-e-r265\/","title":{"rendered":"LT245\/75R16 E R265"},"content":{"rendered":"<p>Neum\u00e1tico de dise\u00f1o de costilla radial con correa de acero para todas las estaciones para cami\u00f3n \/ camioneta ligera comercial.<\/p>\n","protected":false},"excerpt":{"rendered":"<p>Neum\u00e1tico de dise\u00f1o de costilla radial con correa de acero para todas las estaciones para cami\u00f3n \/ camioneta ligera comercial.<\/p>\n","protected":false},"featured_media":0,"comment_status":"open","ping_status":"closed","template":"","meta":{"_acf_changed":false,"subheading":[]},"product_model":[25930],"product_brand":[],"product_cat":[19261,19324,19289,16312,19316,19253],"product_tag":[],"class_list":{"0":"post-181125","1":"product","2":"type-product","3":"status-publish","5":"product_model-r265-es","6":"product_cat-camion-ligero-comercial-furgoneta","7":"product_cat-costilla","8":"product_cat-radial-es","9":"product_cat-rib","10":"product_cat-todas-las-posiciones","11":"product_cat-uncategorized","12":"pa_tire-size-245-75r16-es","14":"first","15":"instock","16":"shipping-taxable","17":"purchasable","18":"product-type-simple"},"acf":[],"_links":{"self":[{"href":"https:\/\/stmtires.com\/es\/wp-json\/wp\/v2\/product\/181125","targetHints":{"allow":["GET"]}}],"collection":[{"href":"https:\/\/stmtires.com\/es\/wp-json\/wp\/v2\/product"}],"about":[{"href":"https:\/\/stmtires.com\/es\/wp-json\/wp\/v2\/types\/product"}],"replies":[{"embeddable":true,"href":"https:\/\/stmtires.com\/es\/wp-json\/wp\/v2\/comments?post=181125"}],"wp:attachment":[{"href":"https:\/\/stmtires.com\/es\/wp-json\/wp\/v2\/media?parent=181125"}],"wp:term":[{"taxonomy":"product_model","embeddable":true,"href":"https:\/\/stmtires.com\/es\/wp-json\/wp\/v2\/product_model?post=181125"},{"taxonomy":"product_brand","embeddable":true,"href":"https:\/\/stmtires.com\/es\/wp-json\/wp\/v2\/product_brand?post=181125"},{"taxonomy":"product_cat","embeddable":true,"href":"https:\/\/stmtires.com\/es\/wp-json\/wp\/v2\/product_cat?post=181125"},{"taxonomy":"product_tag","embeddable":true,"href":"https:\/\/stmtires.com\/es\/wp-json\/wp\/v2\/product_tag?post=181125"}],"curies":[{"name":"wp","href":"https:\/\/api.w.org\/{rel}","templated":true}]}}