{"id":181142,"date":"2022-05-12T11:49:37","date_gmt":"2022-05-12T16:49:37","guid":{"rendered":"https:\/\/website.dev.stmtires.com\/shop\/sin categor\u00eda\/17-5-25-f-tl-nd-lcm-l-3\/"},"modified":"2022-05-12T11:49:37","modified_gmt":"2022-05-12T16:49:37","slug":"17-5-25-f-tl-nd-lcm-l-3-2","status":"publish","type":"product","link":"https:\/\/stmtires.com\/es\/shop\/general-es\/17-5-25-f-tl-nd-lcm-l-3-2\/","title":{"rendered":"17.5-25 F TL ND LCM L-3"},"content":{"rendered":"<p>Neum\u00e1tico Bias Earthmoving Service. ND LCM MCS est\u00e1 especialmente dise\u00f1ado para el servicio de gr\u00faas m\u00f3viles para su uso en aplicaciones de terrenos dif\u00edciles.<\/p>\n","protected":false},"excerpt":{"rendered":"<p>Neum\u00e1tico Bias Earthmoving Service. ND LCM MCS est\u00e1 especialmente dise\u00f1ado para el servicio de gr\u00faas m\u00f3viles para su uso en aplicaciones de terrenos dif\u00edciles.<\/p>\n","protected":false},"featured_media":0,"comment_status":"open","ping_status":"closed","template":"","meta":{"_acf_changed":false,"subheading":[]},"product_model":[25621],"product_brand":[15741],"product_cat":[16260,19355,19253],"product_tag":[],"class_list":{"0":"post-181142","1":"product","2":"type-product","3":"status-publish","5":"product_model-nd-lcm-l-3-e-3-es","6":"product_brand-general-es","7":"product_cat-bias","8":"product_cat-predisposicion","9":"product_cat-uncategorized","10":"pa_tire-size-175r25","12":"first","13":"instock","14":"shipping-taxable","15":"purchasable","16":"product-type-simple"},"acf":[],"_links":{"self":[{"href":"https:\/\/stmtires.com\/es\/wp-json\/wp\/v2\/product\/181142","targetHints":{"allow":["GET"]}}],"collection":[{"href":"https:\/\/stmtires.com\/es\/wp-json\/wp\/v2\/product"}],"about":[{"href":"https:\/\/stmtires.com\/es\/wp-json\/wp\/v2\/types\/product"}],"replies":[{"embeddable":true,"href":"https:\/\/stmtires.com\/es\/wp-json\/wp\/v2\/comments?post=181142"}],"wp:attachment":[{"href":"https:\/\/stmtires.com\/es\/wp-json\/wp\/v2\/media?parent=181142"}],"wp:term":[{"taxonomy":"product_model","embeddable":true,"href":"https:\/\/stmtires.com\/es\/wp-json\/wp\/v2\/product_model?post=181142"},{"taxonomy":"product_brand","embeddable":true,"href":"https:\/\/stmtires.com\/es\/wp-json\/wp\/v2\/product_brand?post=181142"},{"taxonomy":"product_cat","embeddable":true,"href":"https:\/\/stmtires.com\/es\/wp-json\/wp\/v2\/product_cat?post=181142"},{"taxonomy":"product_tag","embeddable":true,"href":"https:\/\/stmtires.com\/es\/wp-json\/wp\/v2\/product_tag?post=181142"}],"curies":[{"name":"wp","href":"https:\/\/api.w.org\/{rel}","templated":true}]}}