{"id":181177,"date":"2022-05-12T16:44:35","date_gmt":"2022-05-12T21:44:35","guid":{"rendered":"https:\/\/website.dev.stmtires.com\/shop\/sin categor\u00eda\/lt245-75r16-e-m773-swp-ii\/"},"modified":"2022-05-12T16:44:35","modified_gmt":"2022-05-12T21:44:35","slug":"lt245-75r16-e-m773-swp-ii-2","status":"publish","type":"product","link":"https:\/\/stmtires.com\/es\/shop\/bridgestone-es\/lt245-75r16-e-m773-swp-ii-2\/","title":{"rendered":"LT245\/75R16 E M773 SWP II"},"content":{"rendered":"<p>Neum\u00e1tico radial para camiones ligeros comerciales de todas las estaciones recomendado para veh\u00edculos de reparto, furgonetas y camiones de mudanzas. Neum\u00e1tico de equipo original (OE) en veh\u00edculos seleccionados.<\/p>\n","protected":false},"excerpt":{"rendered":"<p>Neum\u00e1tico radial para camiones ligeros comerciales de todas las estaciones recomendado para veh\u00edculos de reparto, furgonetas y camiones de mudanzas. Neum\u00e1tico de equipo original (OE) en veh\u00edculos seleccionados.<\/p>\n","protected":false},"featured_media":0,"comment_status":"open","ping_status":"closed","template":"","meta":{"_acf_changed":false,"subheading":[]},"product_model":[25691],"product_brand":[],"product_cat":[19286,19242,19289,16265,19316,19253],"product_tag":[],"class_list":{"0":"post-181177","1":"product","2":"type-product","3":"status-publish","5":"product_model-m773-swp-swp-ii-es","6":"product_cat-camion-autobus-comercial","7":"product_cat-equipo-original-oe","8":"product_cat-radial-es","9":"product_cat-radial","10":"product_cat-todas-las-posiciones","11":"product_cat-uncategorized","12":"pa_tire-size-245-75r16-es","14":"first","15":"instock","16":"shipping-taxable","17":"purchasable","18":"product-type-simple"},"acf":[],"_links":{"self":[{"href":"https:\/\/stmtires.com\/es\/wp-json\/wp\/v2\/product\/181177","targetHints":{"allow":["GET"]}}],"collection":[{"href":"https:\/\/stmtires.com\/es\/wp-json\/wp\/v2\/product"}],"about":[{"href":"https:\/\/stmtires.com\/es\/wp-json\/wp\/v2\/types\/product"}],"replies":[{"embeddable":true,"href":"https:\/\/stmtires.com\/es\/wp-json\/wp\/v2\/comments?post=181177"}],"wp:attachment":[{"href":"https:\/\/stmtires.com\/es\/wp-json\/wp\/v2\/media?parent=181177"}],"wp:term":[{"taxonomy":"product_model","embeddable":true,"href":"https:\/\/stmtires.com\/es\/wp-json\/wp\/v2\/product_model?post=181177"},{"taxonomy":"product_brand","embeddable":true,"href":"https:\/\/stmtires.com\/es\/wp-json\/wp\/v2\/product_brand?post=181177"},{"taxonomy":"product_cat","embeddable":true,"href":"https:\/\/stmtires.com\/es\/wp-json\/wp\/v2\/product_cat?post=181177"},{"taxonomy":"product_tag","embeddable":true,"href":"https:\/\/stmtires.com\/es\/wp-json\/wp\/v2\/product_tag?post=181177"}],"curies":[{"name":"wp","href":"https:\/\/api.w.org\/{rel}","templated":true}]}}