{"id":181665,"date":"2022-05-12T10:28:56","date_gmt":"2022-05-12T15:28:56","guid":{"rendered":"https:\/\/website.dev.stmtires.com\/shop\/sin categor\u00eda\/lt235-85r16-e-xps-traccion\/"},"modified":"2022-05-12T10:28:56","modified_gmt":"2022-05-12T15:28:56","slug":"lt235-85r16-e-xps-traccion","status":"publish","type":"product","link":"https:\/\/stmtires.com\/es\/shop\/michelin-es\/lt235-85r16-e-xps-traccion\/","title":{"rendered":"LT235\/85R16 E XPS TRACCI\u00d3N"},"content":{"rendered":"<p>Neum\u00e1tico de cami\u00f3n ligero comercial recauchutable on\/off road para todas las estaciones.<\/p>\n","protected":false},"excerpt":{"rendered":"<p>Neum\u00e1tico de cami\u00f3n ligero comercial recauchutable on\/off road para todas las estaciones.<\/p>\n","protected":false},"featured_media":0,"comment_status":"open","ping_status":"closed","template":"","meta":{"_acf_changed":false,"subheading":[]},"product_model":[25264],"product_brand":[15734],"product_cat":[25986],"product_tag":[],"class_list":{"0":"post-181665","1":"product","2":"type-product","3":"status-publish","5":"product_model-xps-traction-es","6":"product_brand-michelin-es","7":"product_cat-luz-de-pasajero","8":"pa_tire-size-235-85r16-es","10":"first","11":"instock","12":"shipping-taxable","13":"purchasable","14":"product-type-simple"},"acf":[],"_links":{"self":[{"href":"https:\/\/stmtires.com\/es\/wp-json\/wp\/v2\/product\/181665","targetHints":{"allow":["GET"]}}],"collection":[{"href":"https:\/\/stmtires.com\/es\/wp-json\/wp\/v2\/product"}],"about":[{"href":"https:\/\/stmtires.com\/es\/wp-json\/wp\/v2\/types\/product"}],"replies":[{"embeddable":true,"href":"https:\/\/stmtires.com\/es\/wp-json\/wp\/v2\/comments?post=181665"}],"wp:attachment":[{"href":"https:\/\/stmtires.com\/es\/wp-json\/wp\/v2\/media?parent=181665"}],"wp:term":[{"taxonomy":"product_model","embeddable":true,"href":"https:\/\/stmtires.com\/es\/wp-json\/wp\/v2\/product_model?post=181665"},{"taxonomy":"product_brand","embeddable":true,"href":"https:\/\/stmtires.com\/es\/wp-json\/wp\/v2\/product_brand?post=181665"},{"taxonomy":"product_cat","embeddable":true,"href":"https:\/\/stmtires.com\/es\/wp-json\/wp\/v2\/product_cat?post=181665"},{"taxonomy":"product_tag","embeddable":true,"href":"https:\/\/stmtires.com\/es\/wp-json\/wp\/v2\/product_tag?post=181665"}],"curies":[{"name":"wp","href":"https:\/\/api.w.org\/{rel}","templated":true}]}}