{"id":181785,"date":"2022-05-12T15:06:14","date_gmt":"2022-05-12T20:06:14","guid":{"rendered":"https:\/\/website.dev.stmtires.com\/shop\/sin categor\u00eda\/lt235-85r16-e-campo-a-traves-de-laredo\/"},"modified":"2022-05-12T15:06:14","modified_gmt":"2022-05-12T20:06:14","slug":"lt235-85r16-e-laredo-campo-a-traves","status":"publish","type":"product","link":"https:\/\/stmtires.com\/es\/shop\/uniroyal\/lt235-85r16-e-laredo-campo-a-traves\/","title":{"rendered":"LT235\/85R16 E CAMPO A TRAV\u00c9S DE LAREDO"},"content":{"rendered":"<p>Neum\u00e1tico de cami\u00f3n ligero \/ SUV para pasajeros de todas las estaciones.<\/p>\n","protected":false},"excerpt":{"rendered":"<p>Neum\u00e1tico de cami\u00f3n ligero \/ SUV para pasajeros de todas las estaciones.<\/p>\n","protected":false},"featured_media":134956,"comment_status":"open","ping_status":"closed","template":"","meta":{"_acf_changed":false,"subheading":[]},"product_model":[25765],"product_brand":[36],"product_cat":[25986],"product_tag":[],"class_list":{"0":"post-181785","1":"product","2":"type-product","3":"status-publish","4":"has-post-thumbnail","6":"product_model-laredo-cross-country-es","7":"product_brand-uniroyal","8":"product_cat-luz-de-pasajero","9":"pa_tire-size-235-85r16-es","11":"first","12":"instock","13":"shipping-taxable","14":"purchasable","15":"product-type-simple"},"acf":[],"_links":{"self":[{"href":"https:\/\/stmtires.com\/es\/wp-json\/wp\/v2\/product\/181785","targetHints":{"allow":["GET"]}}],"collection":[{"href":"https:\/\/stmtires.com\/es\/wp-json\/wp\/v2\/product"}],"about":[{"href":"https:\/\/stmtires.com\/es\/wp-json\/wp\/v2\/types\/product"}],"replies":[{"embeddable":true,"href":"https:\/\/stmtires.com\/es\/wp-json\/wp\/v2\/comments?post=181785"}],"wp:featuredmedia":[{"embeddable":true,"href":"https:\/\/stmtires.com\/es\/wp-json\/wp\/v2\/media\/134956"}],"wp:attachment":[{"href":"https:\/\/stmtires.com\/es\/wp-json\/wp\/v2\/media?parent=181785"}],"wp:term":[{"taxonomy":"product_model","embeddable":true,"href":"https:\/\/stmtires.com\/es\/wp-json\/wp\/v2\/product_model?post=181785"},{"taxonomy":"product_brand","embeddable":true,"href":"https:\/\/stmtires.com\/es\/wp-json\/wp\/v2\/product_brand?post=181785"},{"taxonomy":"product_cat","embeddable":true,"href":"https:\/\/stmtires.com\/es\/wp-json\/wp\/v2\/product_cat?post=181785"},{"taxonomy":"product_tag","embeddable":true,"href":"https:\/\/stmtires.com\/es\/wp-json\/wp\/v2\/product_tag?post=181785"}],"curies":[{"name":"wp","href":"https:\/\/api.w.org\/{rel}","templated":true}]}}