{"id":181932,"date":"2022-05-12T14:59:58","date_gmt":"2022-05-12T19:59:58","guid":{"rendered":"https:\/\/website.dev.stmtires.com\/shop\/sin categor\u00eda\/lt235-85r16-dueler-m-t-d673\/"},"modified":"2022-05-12T14:59:58","modified_gmt":"2022-05-12T19:59:58","slug":"lt235-85r16-dueler-m-t-d673-2","status":"publish","type":"product","link":"https:\/\/stmtires.com\/es\/shop\/bridgestone-es\/lt235-85r16-dueler-m-t-d673-2\/","title":{"rendered":"LT235\/85R16 DUELER M\/T (D673)"},"content":{"rendered":"<p>Dise\u00f1ado para el conductor de veh\u00edculos de campo traviesa que desea el rendimiento agresivo y la apariencia de un neum\u00e1tico de asa de m\u00e1xima tracci\u00f3n, combinado con una conducci\u00f3n c\u00f3moda y un manejo receptivo en la carretera.<\/p>\n","protected":false},"excerpt":{"rendered":"<p>Dise\u00f1ado para el conductor de veh\u00edculos de campo traviesa que desea el rendimiento agresivo y la apariencia de un neum\u00e1tico de asa de m\u00e1xima tracci\u00f3n, combinado con una conducci\u00f3n c\u00f3moda y un manejo receptivo en la carretera.<\/p>\n","protected":false},"featured_media":222518,"comment_status":"open","ping_status":"closed","template":"","meta":{"_acf_changed":false,"subheading":[]},"product_model":[25683],"product_brand":[],"product_cat":[19288,19306,19287],"product_tag":[],"class_list":{"0":"post-181932","1":"product","2":"type-product","3":"status-publish","4":"has-post-thumbnail","6":"product_model-dueler-m-t-d673-es","7":"product_cat-conducir","8":"product_cat-orejeta","9":"product_cat-servicio-de-autopistas","10":"pa_tire-size-235-85r16-es","12":"first","13":"instock","14":"shipping-taxable","15":"purchasable","16":"product-type-simple"},"acf":[],"_links":{"self":[{"href":"https:\/\/stmtires.com\/es\/wp-json\/wp\/v2\/product\/181932","targetHints":{"allow":["GET"]}}],"collection":[{"href":"https:\/\/stmtires.com\/es\/wp-json\/wp\/v2\/product"}],"about":[{"href":"https:\/\/stmtires.com\/es\/wp-json\/wp\/v2\/types\/product"}],"replies":[{"embeddable":true,"href":"https:\/\/stmtires.com\/es\/wp-json\/wp\/v2\/comments?post=181932"}],"wp:featuredmedia":[{"embeddable":true,"href":"https:\/\/stmtires.com\/es\/wp-json\/wp\/v2\/media\/222518"}],"wp:attachment":[{"href":"https:\/\/stmtires.com\/es\/wp-json\/wp\/v2\/media?parent=181932"}],"wp:term":[{"taxonomy":"product_model","embeddable":true,"href":"https:\/\/stmtires.com\/es\/wp-json\/wp\/v2\/product_model?post=181932"},{"taxonomy":"product_brand","embeddable":true,"href":"https:\/\/stmtires.com\/es\/wp-json\/wp\/v2\/product_brand?post=181932"},{"taxonomy":"product_cat","embeddable":true,"href":"https:\/\/stmtires.com\/es\/wp-json\/wp\/v2\/product_cat?post=181932"},{"taxonomy":"product_tag","embeddable":true,"href":"https:\/\/stmtires.com\/es\/wp-json\/wp\/v2\/product_tag?post=181932"}],"curies":[{"name":"wp","href":"https:\/\/api.w.org\/{rel}","templated":true}]}}