{"id":182001,"date":"2022-05-12T11:41:21","date_gmt":"2022-05-12T16:41:21","guid":{"rendered":"https:\/\/website.dev.stmtires.com\/shop\/sin categor\u00eda\/175-65r15-ahorro-de-energia\/"},"modified":"2022-05-12T11:41:21","modified_gmt":"2022-05-12T16:41:21","slug":"175-65r15-ahorro-de-energia","status":"publish","type":"product","link":"https:\/\/stmtires.com\/es\/shop\/michelin-es\/175-65r15-ahorro-de-energia\/","title":{"rendered":"175\/65R15 AHORRO DE ENERG\u00cdA"},"content":{"rendered":"<p>Neum\u00e1tico de verano para turismos de alto rendimiento. Equipamiento original en veh\u00edculos como Mini Cooper, BMW Serie 3 y Volkswagen Passat.<\/p>\n","protected":false},"excerpt":{"rendered":"<p>Neum\u00e1tico de verano para turismos de alto rendimiento. Equipamiento original en veh\u00edculos como Mini Cooper, BMW Serie 3 y Volkswagen Passat.<\/p>\n","protected":false},"featured_media":0,"comment_status":"open","ping_status":"closed","template":"","meta":{"_acf_changed":false,"subheading":[]},"product_model":[25541],"product_brand":[15734],"product_cat":[25986,19253],"product_tag":[],"class_list":{"0":"post-182001","1":"product","2":"type-product","3":"status-publish","5":"product_model-energy-saver-es","6":"product_brand-michelin-es","7":"product_cat-luz-de-pasajero","8":"product_cat-uncategorized","9":"pa_tire-size-175-65r15-es","11":"first","12":"instock","13":"shipping-taxable","14":"purchasable","15":"product-type-simple"},"acf":[],"_links":{"self":[{"href":"https:\/\/stmtires.com\/es\/wp-json\/wp\/v2\/product\/182001","targetHints":{"allow":["GET"]}}],"collection":[{"href":"https:\/\/stmtires.com\/es\/wp-json\/wp\/v2\/product"}],"about":[{"href":"https:\/\/stmtires.com\/es\/wp-json\/wp\/v2\/types\/product"}],"replies":[{"embeddable":true,"href":"https:\/\/stmtires.com\/es\/wp-json\/wp\/v2\/comments?post=182001"}],"wp:attachment":[{"href":"https:\/\/stmtires.com\/es\/wp-json\/wp\/v2\/media?parent=182001"}],"wp:term":[{"taxonomy":"product_model","embeddable":true,"href":"https:\/\/stmtires.com\/es\/wp-json\/wp\/v2\/product_model?post=182001"},{"taxonomy":"product_brand","embeddable":true,"href":"https:\/\/stmtires.com\/es\/wp-json\/wp\/v2\/product_brand?post=182001"},{"taxonomy":"product_cat","embeddable":true,"href":"https:\/\/stmtires.com\/es\/wp-json\/wp\/v2\/product_cat?post=182001"},{"taxonomy":"product_tag","embeddable":true,"href":"https:\/\/stmtires.com\/es\/wp-json\/wp\/v2\/product_tag?post=182001"}],"curies":[{"name":"wp","href":"https:\/\/api.w.org\/{rel}","templated":true}]}}