{"id":182575,"date":"2022-05-12T16:09:51","date_gmt":"2022-05-12T21:09:51","guid":{"rendered":"https:\/\/website.dev.stmtires.com\/shop\/sin categor\u00eda\/18-00-25-idu-tl-stms-smooth-tread-ms\/"},"modified":"2022-05-12T16:09:51","modified_gmt":"2022-05-12T21:09:51","slug":"18-00-25-idu-tl-stms-smooth-tread-ms-2","status":"publish","type":"product","link":"https:\/\/stmtires.com\/es\/shop\/bridgestone-es\/18-00-25-idu-tl-stms-smooth-tread-ms-2\/","title":{"rendered":"18.00-25 (IDU) TL STMS (SMOOTH TREAD-MS)"},"content":{"rendered":"<p>Bias OTR Loader\/Dozer y Industrial L-5S Smooth Extra Deep Tread Tire para m\u00e1xima resistencia al corte en servicio severo de cantera, miner\u00eda de superficie y aplicaciones subterr\u00e1neas.<\/p>\n","protected":false},"excerpt":{"rendered":"<p>Bias OTR Loader\/Dozer y Industrial L-5S Smooth Extra Deep Tread Tire para m\u00e1xima resistencia al corte en servicio severo de cantera, miner\u00eda de superficie y aplicaciones subterr\u00e1neas.<\/p>\n","protected":false},"featured_media":0,"comment_status":"open","ping_status":"closed","template":"","meta":{"_acf_changed":false,"subheading":[]},"product_model":[22935],"product_brand":[],"product_cat":[19304,19295,19313,19355,16319,19298,19253],"product_tag":[],"class_list":{"0":"post-182575","1":"product","2":"type-product","3":"status-publish","5":"product_model-stms-smooth-tread-ms-es","6":"product_cat-banda-de-rodadura-profunda","7":"product_cat-industrial-es","8":"product_cat-mineria","9":"product_cat-predisposicion","10":"product_cat-smooth","11":"product_cat-suave","12":"product_cat-uncategorized","13":"pa_tire-size-18r25-es","15":"first","16":"instock","17":"shipping-taxable","18":"purchasable","19":"product-type-simple"},"acf":[],"_links":{"self":[{"href":"https:\/\/stmtires.com\/es\/wp-json\/wp\/v2\/product\/182575","targetHints":{"allow":["GET"]}}],"collection":[{"href":"https:\/\/stmtires.com\/es\/wp-json\/wp\/v2\/product"}],"about":[{"href":"https:\/\/stmtires.com\/es\/wp-json\/wp\/v2\/types\/product"}],"replies":[{"embeddable":true,"href":"https:\/\/stmtires.com\/es\/wp-json\/wp\/v2\/comments?post=182575"}],"wp:attachment":[{"href":"https:\/\/stmtires.com\/es\/wp-json\/wp\/v2\/media?parent=182575"}],"wp:term":[{"taxonomy":"product_model","embeddable":true,"href":"https:\/\/stmtires.com\/es\/wp-json\/wp\/v2\/product_model?post=182575"},{"taxonomy":"product_brand","embeddable":true,"href":"https:\/\/stmtires.com\/es\/wp-json\/wp\/v2\/product_brand?post=182575"},{"taxonomy":"product_cat","embeddable":true,"href":"https:\/\/stmtires.com\/es\/wp-json\/wp\/v2\/product_cat?post=182575"},{"taxonomy":"product_tag","embeddable":true,"href":"https:\/\/stmtires.com\/es\/wp-json\/wp\/v2\/product_tag?post=182575"}],"curies":[{"name":"wp","href":"https:\/\/api.w.org\/{rel}","templated":true}]}}